{"id":742,"date":"2023-09-05T20:28:55","date_gmt":"2023-09-05T20:28:55","guid":{"rendered":"https:\/\/ruge-reisen-hamburg.de\/?page_id=742"},"modified":"2023-09-05T20:36:34","modified_gmt":"2023-09-05T20:36:34","slug":"portugal-maerz-2023","status":"publish","type":"page","link":"https:\/\/ruge-reisen-hamburg.de\/?page_id=742","title":{"rendered":"Zur Kamelienbl\u00fcte nach Portugal \u2013 Herrenh\u00e4user und G\u00e4rten (16.-22.03.2023)"},"content":{"rendered":"\n<p>Lassen Sie sich zum&nbsp;<strong>Fr\u00fchjahrsauftakt<\/strong>, rechtzeitig zur&nbsp;<strong>Kamelienbl\u00fcte<\/strong>, von dieser&nbsp;<strong>au\u00dfergew\u00f6hnlichen Leserreise<\/strong>&nbsp;begeistern, die wir in Zusammenarbeit mit dem Journal&nbsp;<strong>\u201eWohnen &amp; Garten\u201c&nbsp;<\/strong>anbieten.<\/p>\n\n\n\n<div class=\"wp-block-columns is-layout-flex wp-container-core-columns-is-layout-9d6595d7 wp-block-columns-is-layout-flex\">\n<div class=\"wp-block-column is-layout-flow wp-block-column-is-layout-flow\">\n<figure class=\"wp-block-image size-full\"><img fetchpriority=\"high\" decoding=\"async\" width=\"640\" height=\"480\" src=\"http:\/\/ruge-reisen-hamburg.de\/wp-content\/uploads\/2023\/09\/Dourotal-Motiv-7.jpg\" alt=\"\" class=\"wp-image-738\" style=\"aspect-ratio:1;object-fit:cover\" srcset=\"https:\/\/ruge-reisen-hamburg.de\/wp-content\/uploads\/2023\/09\/Dourotal-Motiv-7.jpg 640w, https:\/\/ruge-reisen-hamburg.de\/wp-content\/uploads\/2023\/09\/Dourotal-Motiv-7-300x225.jpg 300w\" sizes=\"(max-width: 640px) 85vw, 640px\" \/><\/figure>\n<\/div>\n\n\n\n<div class=\"wp-block-column is-layout-flow wp-block-column-is-layout-flow\">\n<figure class=\"wp-block-image size-large is-style-default\"><img decoding=\"async\" width=\"768\" height=\"1024\" src=\"http:\/\/ruge-reisen-hamburg.de\/wp-content\/uploads\/2023\/08\/Bom-Jesus-do-monte-Wallfahrtskirche-2-768x1024.jpg\" alt=\"\" class=\"wp-image-663\" style=\"aspect-ratio:1;object-fit:cover\" srcset=\"https:\/\/ruge-reisen-hamburg.de\/wp-content\/uploads\/2023\/08\/Bom-Jesus-do-monte-Wallfahrtskirche-2-768x1024.jpg 768w, https:\/\/ruge-reisen-hamburg.de\/wp-content\/uploads\/2023\/08\/Bom-Jesus-do-monte-Wallfahrtskirche-2-225x300.jpg 225w, https:\/\/ruge-reisen-hamburg.de\/wp-content\/uploads\/2023\/08\/Bom-Jesus-do-monte-Wallfahrtskirche-2-1152x1536.jpg 1152w, https:\/\/ruge-reisen-hamburg.de\/wp-content\/uploads\/2023\/08\/Bom-Jesus-do-monte-Wallfahrtskirche-2-1536x2048.jpg 1536w, https:\/\/ruge-reisen-hamburg.de\/wp-content\/uploads\/2023\/08\/Bom-Jesus-do-monte-Wallfahrtskirche-2-1200x1600.jpg 1200w, https:\/\/ruge-reisen-hamburg.de\/wp-content\/uploads\/2023\/08\/Bom-Jesus-do-monte-Wallfahrtskirche-2-scaled.jpg 1920w\" sizes=\"(max-width: 768px) 85vw, 768px\" \/><\/figure>\n<\/div>\n\n\n\n<div class=\"wp-block-column is-layout-flow wp-block-column-is-layout-flow\">\n<figure class=\"wp-block-image size-large\"><img decoding=\"async\" width=\"1024\" height=\"768\" src=\"http:\/\/ruge-reisen-hamburg.de\/wp-content\/uploads\/2023\/09\/Privatgarten-Ansicht-zur-Kapelle-3-1024x768.jpg\" alt=\"\" class=\"wp-image-734\" style=\"aspect-ratio:1;object-fit:cover\" srcset=\"https:\/\/ruge-reisen-hamburg.de\/wp-content\/uploads\/2023\/09\/Privatgarten-Ansicht-zur-Kapelle-3-1024x768.jpg 1024w, https:\/\/ruge-reisen-hamburg.de\/wp-content\/uploads\/2023\/09\/Privatgarten-Ansicht-zur-Kapelle-3-300x225.jpg 300w, https:\/\/ruge-reisen-hamburg.de\/wp-content\/uploads\/2023\/09\/Privatgarten-Ansicht-zur-Kapelle-3-768x576.jpg 768w, https:\/\/ruge-reisen-hamburg.de\/wp-content\/uploads\/2023\/09\/Privatgarten-Ansicht-zur-Kapelle-3-1536x1152.jpg 1536w, https:\/\/ruge-reisen-hamburg.de\/wp-content\/uploads\/2023\/09\/Privatgarten-Ansicht-zur-Kapelle-3-2048x1536.jpg 2048w, https:\/\/ruge-reisen-hamburg.de\/wp-content\/uploads\/2023\/09\/Privatgarten-Ansicht-zur-Kapelle-3-1200x900.jpg 1200w\" sizes=\"(max-width: 709px) 85vw, (max-width: 909px) 67vw, (max-width: 1362px) 62vw, 840px\" \/><\/figure>\n<\/div>\n<\/div>\n\n\n\n<p>Entdecken Sie den l\u00e4ndlichen Charme im&nbsp;<strong>Norden Portugals<\/strong>, die kulturellen Sch\u00e4tze und die&nbsp;<strong>Perlen der Gartenkunst<\/strong>. Seien Sie zu Gast in&nbsp;<strong>besten Hotels<\/strong>, in&nbsp;<strong>noblen Herrenh\u00e4usern<\/strong>&nbsp;und beim&nbsp;<strong>internationalen Kamelienfest<\/strong>. Genie\u00dfen Sie&nbsp;<strong>Gaumenfreuden<\/strong>&nbsp;und die liebensw\u00fcrdige&nbsp;<strong>Gastfreundschaft<\/strong>&nbsp;der Menschen vor Ort.<\/p>\n\n\n\n<div class=\"wp-block-columns is-layout-flex wp-container-core-columns-is-layout-9d6595d7 wp-block-columns-is-layout-flex\">\n<div class=\"wp-block-column is-layout-flow wp-block-column-is-layout-flow\">\n<figure class=\"wp-block-image size-large\"><img loading=\"lazy\" decoding=\"async\" width=\"1024\" height=\"768\" src=\"http:\/\/ruge-reisen-hamburg.de\/wp-content\/uploads\/2023\/08\/Kamelienmotiv-Dekoschale-1024x768.jpg\" alt=\"\" class=\"wp-image-670\" style=\"aspect-ratio:1;object-fit:cover\" srcset=\"https:\/\/ruge-reisen-hamburg.de\/wp-content\/uploads\/2023\/08\/Kamelienmotiv-Dekoschale-1024x768.jpg 1024w, https:\/\/ruge-reisen-hamburg.de\/wp-content\/uploads\/2023\/08\/Kamelienmotiv-Dekoschale-300x225.jpg 300w, https:\/\/ruge-reisen-hamburg.de\/wp-content\/uploads\/2023\/08\/Kamelienmotiv-Dekoschale-768x576.jpg 768w, https:\/\/ruge-reisen-hamburg.de\/wp-content\/uploads\/2023\/08\/Kamelienmotiv-Dekoschale-1536x1152.jpg 1536w, https:\/\/ruge-reisen-hamburg.de\/wp-content\/uploads\/2023\/08\/Kamelienmotiv-Dekoschale-2048x1536.jpg 2048w, https:\/\/ruge-reisen-hamburg.de\/wp-content\/uploads\/2023\/08\/Kamelienmotiv-Dekoschale-1200x900.jpg 1200w\" sizes=\"(max-width: 709px) 85vw, (max-width: 909px) 67vw, (max-width: 1362px) 62vw, 840px\" \/><\/figure>\n<\/div>\n\n\n\n<div class=\"wp-block-column is-layout-flow wp-block-column-is-layout-flow\">\n<figure class=\"wp-block-image size-full\"><img loading=\"lazy\" decoding=\"async\" width=\"480\" height=\"640\" src=\"http:\/\/ruge-reisen-hamburg.de\/wp-content\/uploads\/2023\/08\/Kachel-Motiv-Blumenvase-Kamelien.jpg\" alt=\"\" class=\"wp-image-668\" style=\"aspect-ratio:1;object-fit:cover\" srcset=\"https:\/\/ruge-reisen-hamburg.de\/wp-content\/uploads\/2023\/08\/Kachel-Motiv-Blumenvase-Kamelien.jpg 480w, https:\/\/ruge-reisen-hamburg.de\/wp-content\/uploads\/2023\/08\/Kachel-Motiv-Blumenvase-Kamelien-225x300.jpg 225w\" sizes=\"(max-width: 480px) 85vw, 480px\" \/><\/figure>\n<\/div>\n\n\n\n<div class=\"wp-block-column is-layout-flow wp-block-column-is-layout-flow\">\n<figure class=\"wp-block-image size-large\"><img loading=\"lazy\" decoding=\"async\" width=\"1024\" height=\"768\" src=\"http:\/\/ruge-reisen-hamburg.de\/wp-content\/uploads\/2023\/08\/Kamelienmotiv-Garten-1-1024x768.jpg\" alt=\"\" class=\"wp-image-671\" style=\"aspect-ratio:1;object-fit:cover\" srcset=\"https:\/\/ruge-reisen-hamburg.de\/wp-content\/uploads\/2023\/08\/Kamelienmotiv-Garten-1-1024x768.jpg 1024w, https:\/\/ruge-reisen-hamburg.de\/wp-content\/uploads\/2023\/08\/Kamelienmotiv-Garten-1-300x225.jpg 300w, https:\/\/ruge-reisen-hamburg.de\/wp-content\/uploads\/2023\/08\/Kamelienmotiv-Garten-1-768x576.jpg 768w, https:\/\/ruge-reisen-hamburg.de\/wp-content\/uploads\/2023\/08\/Kamelienmotiv-Garten-1-1536x1152.jpg 1536w, https:\/\/ruge-reisen-hamburg.de\/wp-content\/uploads\/2023\/08\/Kamelienmotiv-Garten-1-2048x1536.jpg 2048w, https:\/\/ruge-reisen-hamburg.de\/wp-content\/uploads\/2023\/08\/Kamelienmotiv-Garten-1-1200x900.jpg 1200w\" sizes=\"(max-width: 709px) 85vw, (max-width: 909px) 67vw, (max-width: 1362px) 62vw, 840px\" \/><\/figure>\n<\/div>\n<\/div>\n\n\n\n<p>Fragen Sie bitte alle detaillierten Informationen<strong>&nbsp;direkt bei RUGE REISEN an<\/strong>. Es ist mir eine Freude, Sie bei dieser Leserreise zu begr\u00fc\u00dfen.<\/p>\n\n\n\n<div class=\"wp-block-columns is-layout-flex wp-container-core-columns-is-layout-9d6595d7 wp-block-columns-is-layout-flex\">\n<div class=\"wp-block-column is-layout-flow wp-block-column-is-layout-flow\">\n<p class=\"has-small-font-size\"><strong>Leserreise Portugal | erschienen in Wohnen &amp; Garten, Juli 2022, S. 94-97<\/strong><\/p>\n<\/div>\n\n\n\n<div class=\"wp-block-column is-layout-flow wp-block-column-is-layout-flow\">\n<div class=\"wp-block-buttons is-content-justification-right is-layout-flex wp-container-core-buttons-is-layout-765c4724 wp-block-buttons-is-layout-flex\">\n<div class=\"wp-block-button has-custom-font-size has-small-font-size\"><a class=\"wp-block-button__link has-white-color has-dark-gray-background-color has-text-color has-background no-border-radius wp-element-button\" href=\"http:\/\/ruge-reisen-hamburg.de\/wp-content\/uploads\/2023\/09\/WohnenundGarten_Juli2022_S.94-97_Leserreise_Portugal.pdf\" target=\"_blank\" rel=\"noopener\">Herunterladen<\/a><\/div>\n<\/div>\n<\/div>\n<\/div>\n","protected":false},"excerpt":{"rendered":"<p>Lassen Sie sich zum&nbsp;Fr\u00fchjahrsauftakt, rechtzeitig zur&nbsp;Kamelienbl\u00fcte, von dieser&nbsp;au\u00dfergew\u00f6hnlichen Leserreise&nbsp;begeistern, die wir in Zusammenarbeit mit dem Journal&nbsp;\u201eWohnen &amp; Garten\u201c&nbsp;anbieten. Entdecken Sie den l\u00e4ndlichen Charme im&nbsp;Norden Portugals, die kulturellen Sch\u00e4tze und die&nbsp;Perlen der Gartenkunst. Seien Sie zu Gast in&nbsp;besten Hotels, in&nbsp;noblen Herrenh\u00e4usern&nbsp;und beim&nbsp;internationalen Kamelienfest. Genie\u00dfen Sie&nbsp;Gaumenfreuden&nbsp;und die liebensw\u00fcrdige&nbsp;Gastfreundschaft&nbsp;der Menschen vor Ort. Fragen Sie bitte alle detaillierten Informationen&nbsp;direkt &hellip; <a href=\"https:\/\/ruge-reisen-hamburg.de\/?page_id=742\" class=\"more-link\"><span class=\"screen-reader-text\">\u201eZur Kamelienbl\u00fcte nach Portugal \u2013 Herrenh\u00e4user und G\u00e4rten (16.-22.03.2023)\u201c <\/span>weiterlesen<\/a><\/p>\n","protected":false},"author":1,"featured_media":0,"parent":0,"menu_order":0,"comment_status":"closed","ping_status":"closed","template":"","meta":{"footnotes":""},"class_list":["post-742","page","type-page","status-publish","hentry"],"_links":{"self":[{"href":"https:\/\/ruge-reisen-hamburg.de\/index.php?rest_route=\/wp\/v2\/pages\/742","targetHints":{"allow":["GET"]}}],"collection":[{"href":"https:\/\/ruge-reisen-hamburg.de\/index.php?rest_route=\/wp\/v2\/pages"}],"about":[{"href":"https:\/\/ruge-reisen-hamburg.de\/index.php?rest_route=\/wp\/v2\/types\/page"}],"author":[{"embeddable":true,"href":"https:\/\/ruge-reisen-hamburg.de\/index.php?rest_route=\/wp\/v2\/users\/1"}],"replies":[{"embeddable":true,"href":"https:\/\/ruge-reisen-hamburg.de\/index.php?rest_route=%2Fwp%2Fv2%2Fcomments&post=742"}],"version-history":[{"count":3,"href":"https:\/\/ruge-reisen-hamburg.de\/index.php?rest_route=\/wp\/v2\/pages\/742\/revisions"}],"predecessor-version":[{"id":747,"href":"https:\/\/ruge-reisen-hamburg.de\/index.php?rest_route=\/wp\/v2\/pages\/742\/revisions\/747"}],"wp:attachment":[{"href":"https:\/\/ruge-reisen-hamburg.de\/index.php?rest_route=%2Fwp%2Fv2%2Fmedia&parent=742"}],"curies":[{"name":"wp","href":"https:\/\/api.w.org\/{rel}","templated":true}]}}