{"id":628,"date":"2023-08-29T21:19:26","date_gmt":"2023-08-29T21:19:26","guid":{"rendered":"https:\/\/ruge-reisen-hamburg.de\/?page_id=628"},"modified":"2023-08-29T22:37:32","modified_gmt":"2023-08-29T22:37:32","slug":"startseite","status":"publish","type":"page","link":"https:\/\/ruge-reisen-hamburg.de\/","title":{"rendered":""},"content":{"rendered":"\n<p>Liebe Reisefreunde,<\/p>\n\n\n\n<p>zu den sp\u00e4tsommerlichen Tagen gesellen sich schon die ersten Herbstankl\u00e4nge.<\/p>\n\n\n\n<p><strong>Was liegt da n\u00e4her, als die Gedanken und Reise-Sehns\u00fcchte in die genussreichen Regionen Europas zu richten.<\/strong><\/p>\n\n\n\n<p>Ein <strong>Paradies par excellence<\/strong> f\u00fcr Genie\u00dfer und Gartenfreunde ist sicher das <strong>P\u00e9rigord<\/strong> im S\u00fcdwesten Frankreichs. Eine Region voller <strong>Natursch\u00f6nheiten und Gaumenfreuden<\/strong>, die im herbstlichen Licht einen besonderen Charme entfaltet.<\/p>\n\n\n\n<p>Begleiten Sie uns <strong>Ende September<\/strong> in diese sch\u00f6ne Region auf einer besonderen <strong>Leserreise <\/strong>mit unserem Partner, dem Journal<strong> Wohnen &amp; Garten<\/strong> (25.09.-02.10.2023).<\/p>\n\n\n\n<div style=\"height:25px\" aria-hidden=\"true\" class=\"wp-block-spacer\"><\/div>\n\n\n\n<figure class=\"wp-block-gallery has-nested-images columns-default is-cropped wp-block-gallery-1 is-layout-flex wp-block-gallery-is-layout-flex\">\n<figure class=\"wp-block-image size-large\"><img fetchpriority=\"high\" decoding=\"async\" width=\"1024\" height=\"768\" data-id=\"643\" src=\"https:\/\/ruge-reisen-hamburg.de\/wp-content\/uploads\/2023\/08\/La-Roque-Gageac-Dordogne-Herbstliches-Motiv-1-1024x768.jpg\" alt=\"\" class=\"wp-image-643\" srcset=\"https:\/\/ruge-reisen-hamburg.de\/wp-content\/uploads\/2023\/08\/La-Roque-Gageac-Dordogne-Herbstliches-Motiv-1-1024x768.jpg 1024w, https:\/\/ruge-reisen-hamburg.de\/wp-content\/uploads\/2023\/08\/La-Roque-Gageac-Dordogne-Herbstliches-Motiv-1-300x225.jpg 300w, https:\/\/ruge-reisen-hamburg.de\/wp-content\/uploads\/2023\/08\/La-Roque-Gageac-Dordogne-Herbstliches-Motiv-1-768x576.jpg 768w, https:\/\/ruge-reisen-hamburg.de\/wp-content\/uploads\/2023\/08\/La-Roque-Gageac-Dordogne-Herbstliches-Motiv-1-1536x1152.jpg 1536w, https:\/\/ruge-reisen-hamburg.de\/wp-content\/uploads\/2023\/08\/La-Roque-Gageac-Dordogne-Herbstliches-Motiv-1-2048x1536.jpg 2048w, https:\/\/ruge-reisen-hamburg.de\/wp-content\/uploads\/2023\/08\/La-Roque-Gageac-Dordogne-Herbstliches-Motiv-1-1200x900.jpg 1200w\" sizes=\"(max-width: 709px) 85vw, (max-width: 909px) 67vw, (max-width: 1362px) 62vw, 840px\" \/><\/figure>\n\n\n\n<figure class=\"wp-block-image size-large\"><img decoding=\"async\" width=\"1024\" height=\"768\" data-id=\"646\" src=\"http:\/\/ruge-reisen-hamburg.de\/wp-content\/uploads\/2023\/08\/Manoir-dEyrignac-Gaerten-Motiv-1-1024x768.jpg\" alt=\"\" class=\"wp-image-646\" srcset=\"https:\/\/ruge-reisen-hamburg.de\/wp-content\/uploads\/2023\/08\/Manoir-dEyrignac-Gaerten-Motiv-1-1024x768.jpg 1024w, https:\/\/ruge-reisen-hamburg.de\/wp-content\/uploads\/2023\/08\/Manoir-dEyrignac-Gaerten-Motiv-1-300x225.jpg 300w, https:\/\/ruge-reisen-hamburg.de\/wp-content\/uploads\/2023\/08\/Manoir-dEyrignac-Gaerten-Motiv-1-768x576.jpg 768w, https:\/\/ruge-reisen-hamburg.de\/wp-content\/uploads\/2023\/08\/Manoir-dEyrignac-Gaerten-Motiv-1-1536x1152.jpg 1536w, https:\/\/ruge-reisen-hamburg.de\/wp-content\/uploads\/2023\/08\/Manoir-dEyrignac-Gaerten-Motiv-1-2048x1536.jpg 2048w, https:\/\/ruge-reisen-hamburg.de\/wp-content\/uploads\/2023\/08\/Manoir-dEyrignac-Gaerten-Motiv-1-1200x900.jpg 1200w\" sizes=\"(max-width: 709px) 85vw, (max-width: 909px) 67vw, (max-width: 1362px) 62vw, 840px\" \/><\/figure>\n\n\n\n<figure class=\"wp-block-image size-large\"><img decoding=\"async\" width=\"1024\" height=\"768\" data-id=\"638\" src=\"https:\/\/ruge-reisen-hamburg.de\/wp-content\/uploads\/2023\/08\/Fluss-Dordogne-Boot-Gabare-1-1024x768.jpg\" alt=\"\" class=\"wp-image-638\" srcset=\"https:\/\/ruge-reisen-hamburg.de\/wp-content\/uploads\/2023\/08\/Fluss-Dordogne-Boot-Gabare-1-1024x768.jpg 1024w, https:\/\/ruge-reisen-hamburg.de\/wp-content\/uploads\/2023\/08\/Fluss-Dordogne-Boot-Gabare-1-300x225.jpg 300w, https:\/\/ruge-reisen-hamburg.de\/wp-content\/uploads\/2023\/08\/Fluss-Dordogne-Boot-Gabare-1-768x576.jpg 768w, https:\/\/ruge-reisen-hamburg.de\/wp-content\/uploads\/2023\/08\/Fluss-Dordogne-Boot-Gabare-1-1536x1152.jpg 1536w, https:\/\/ruge-reisen-hamburg.de\/wp-content\/uploads\/2023\/08\/Fluss-Dordogne-Boot-Gabare-1-2048x1536.jpg 2048w, https:\/\/ruge-reisen-hamburg.de\/wp-content\/uploads\/2023\/08\/Fluss-Dordogne-Boot-Gabare-1-1200x900.jpg 1200w\" sizes=\"(max-width: 709px) 85vw, (max-width: 909px) 67vw, (max-width: 1362px) 62vw, 840px\" \/><\/figure>\n\n\n\n<figure class=\"wp-block-image size-large\"><img loading=\"lazy\" decoding=\"async\" width=\"1024\" height=\"768\" data-id=\"694\" src=\"http:\/\/ruge-reisen-hamburg.de\/wp-content\/uploads\/2023\/08\/Chateau-de-Marqueyssac-Gaerten-3-1024x768.jpg\" alt=\"\" class=\"wp-image-694\" srcset=\"https:\/\/ruge-reisen-hamburg.de\/wp-content\/uploads\/2023\/08\/Chateau-de-Marqueyssac-Gaerten-3-1024x768.jpg 1024w, https:\/\/ruge-reisen-hamburg.de\/wp-content\/uploads\/2023\/08\/Chateau-de-Marqueyssac-Gaerten-3-300x225.jpg 300w, https:\/\/ruge-reisen-hamburg.de\/wp-content\/uploads\/2023\/08\/Chateau-de-Marqueyssac-Gaerten-3-768x576.jpg 768w, https:\/\/ruge-reisen-hamburg.de\/wp-content\/uploads\/2023\/08\/Chateau-de-Marqueyssac-Gaerten-3-1536x1152.jpg 1536w, https:\/\/ruge-reisen-hamburg.de\/wp-content\/uploads\/2023\/08\/Chateau-de-Marqueyssac-Gaerten-3-2048x1536.jpg 2048w, https:\/\/ruge-reisen-hamburg.de\/wp-content\/uploads\/2023\/08\/Chateau-de-Marqueyssac-Gaerten-3-1200x900.jpg 1200w\" sizes=\"(max-width: 709px) 85vw, (max-width: 909px) 67vw, (max-width: 1362px) 62vw, 840px\" \/><\/figure>\n<\/figure>\n\n\n\n<div class=\"wp-block-columns is-layout-flex wp-container-core-columns-is-layout-9d6595d7 wp-block-columns-is-layout-flex\">\n<div class=\"wp-block-column is-vertically-aligned-bottom is-layout-flow wp-block-column-is-layout-flow\" style=\"flex-basis:66.66%\">\n<p class=\"has-small-font-size\"><strong>P\u00e9rigord-Reise 04\/2023<\/strong> | <strong>erschienen in    Wohnen &amp; Garten, April 2023, S. 86-89<\/strong><\/p>\n<\/div>\n\n\n\n<div class=\"wp-block-column is-vertically-aligned-top is-layout-flow wp-block-column-is-layout-flow\" style=\"flex-basis:33.33%\">\n<div class=\"wp-block-buttons is-content-justification-right is-layout-flex wp-container-core-buttons-is-layout-765c4724 wp-block-buttons-is-layout-flex\">\n<div class=\"wp-block-button has-custom-font-size has-small-font-size\"><a class=\"wp-block-button__link has-white-color has-dark-gray-background-color has-text-color has-background no-border-radius wp-element-button\" href=\"http:\/\/ruge-reisen-hamburg.de\/wp-content\/uploads\/2023\/08\/WohnenundGarten_April2023_S.86-89_Leserreise_Perigord.pdf\" target=\"_blank\" rel=\"noopener\">Herunterladen<\/a><\/div>\n<\/div>\n<\/div>\n<\/div>\n\n\n\n<p>Freuen Sie sich auf zauberhafte Landschaften, mittelalterliche St\u00e4dte, pr\u00e4historische H\u00f6hlenkultur, stolze Burgen und Schl\u00f6sser und probieren Sie vor Ort die kulinarischen Spezialit\u00e4ten und vorz\u00fcglichen Weine.<\/p>\n\n\n\n<p><strong>Bitte fragen Sie das Detailprogramm an, wir beraten Sie gerne!<\/strong><\/p>\n\n\n\n<div style=\"height:25px\" aria-hidden=\"true\" class=\"wp-block-spacer\"><\/div>\n\n\n\n<figure class=\"wp-block-image size-large\"><img loading=\"lazy\" decoding=\"async\" width=\"1024\" height=\"768\" src=\"https:\/\/ruge-reisen-hamburg.de\/wp-content\/uploads\/2023\/08\/Beynac-et-Cazenac-Motiv-Burg-1-1024x768.jpg\" alt=\"\" class=\"wp-image-699\" style=\"aspect-ratio:3\/2;object-fit:cover\" srcset=\"https:\/\/ruge-reisen-hamburg.de\/wp-content\/uploads\/2023\/08\/Beynac-et-Cazenac-Motiv-Burg-1-1024x768.jpg 1024w, https:\/\/ruge-reisen-hamburg.de\/wp-content\/uploads\/2023\/08\/Beynac-et-Cazenac-Motiv-Burg-1-300x225.jpg 300w, https:\/\/ruge-reisen-hamburg.de\/wp-content\/uploads\/2023\/08\/Beynac-et-Cazenac-Motiv-Burg-1-768x576.jpg 768w, https:\/\/ruge-reisen-hamburg.de\/wp-content\/uploads\/2023\/08\/Beynac-et-Cazenac-Motiv-Burg-1-1536x1152.jpg 1536w, https:\/\/ruge-reisen-hamburg.de\/wp-content\/uploads\/2023\/08\/Beynac-et-Cazenac-Motiv-Burg-1-2048x1536.jpg 2048w, https:\/\/ruge-reisen-hamburg.de\/wp-content\/uploads\/2023\/08\/Beynac-et-Cazenac-Motiv-Burg-1-1200x900.jpg 1200w\" sizes=\"(max-width: 709px) 85vw, (max-width: 909px) 67vw, (max-width: 1362px) 62vw, 840px\" \/><\/figure>\n\n\n\n<div style=\"height:25px\" aria-hidden=\"true\" class=\"wp-block-spacer\"><\/div>\n\n\n\n<p>In diesem Jahr konnten wir Ihnen bereits einige ausgew\u00e4hlte Reiseziele in Europa anbieten, wie in den <strong>Norden von Portugal<\/strong> zur Kamelienbl\u00fcte und den Herrenh\u00e4usern oder an die <strong>C\u00f4te d\u2018Azur<\/strong> zu den Traumg\u00e4rten an der blauen K\u00fcste.<\/p>\n\n\n\n<div class=\"wp-block-columns is-layout-flex wp-container-core-columns-is-layout-9d6595d7 wp-block-columns-is-layout-flex\">\n<div class=\"wp-block-column is-vertically-aligned-bottom is-layout-flow wp-block-column-is-layout-flow\" style=\"flex-basis:66.66%\">\n<p class=\"has-small-font-size\"><strong>Vorschau 2023 01\/2023<\/strong> | <strong>erschienen in  Wohnen &amp; Garten, Januar 2023, S. 89<\/strong><\/p>\n<\/div>\n\n\n\n<div class=\"wp-block-column is-vertically-aligned-top is-layout-flow wp-block-column-is-layout-flow\" style=\"flex-basis:33.33%\">\n<div class=\"wp-block-buttons is-content-justification-right is-layout-flex wp-container-core-buttons-is-layout-765c4724 wp-block-buttons-is-layout-flex\">\n<div class=\"wp-block-button has-custom-font-size has-small-font-size\"><a class=\"wp-block-button__link has-white-color has-dark-gray-background-color has-text-color has-background no-border-radius wp-element-button\" href=\"http:\/\/ruge-reisen-hamburg.de\/wp-content\/uploads\/2023\/08\/WohnenundGarten_Januar2023_Vorschau_Leserreisen2023_S.89.pdf\" target=\"_blank\" rel=\"noopener\">Herunterladen<\/a><\/div>\n<\/div>\n<\/div>\n<\/div>\n\n\n\n<figure class=\"wp-block-gallery has-nested-images columns-4 is-cropped wp-block-gallery-2 is-layout-flex wp-block-gallery-is-layout-flex\">\n<figure class=\"wp-block-image size-large\"><img loading=\"lazy\" decoding=\"async\" width=\"1024\" height=\"768\" data-id=\"678\" src=\"https:\/\/ruge-reisen-hamburg.de\/wp-content\/uploads\/2023\/08\/Porto-Ansicht-1-1024x768.jpg\" alt=\"\" class=\"wp-image-678\" style=\"aspect-ratio:1;object-fit:cover\" srcset=\"https:\/\/ruge-reisen-hamburg.de\/wp-content\/uploads\/2023\/08\/Porto-Ansicht-1-1024x768.jpg 1024w, https:\/\/ruge-reisen-hamburg.de\/wp-content\/uploads\/2023\/08\/Porto-Ansicht-1-300x225.jpg 300w, https:\/\/ruge-reisen-hamburg.de\/wp-content\/uploads\/2023\/08\/Porto-Ansicht-1-768x576.jpg 768w, https:\/\/ruge-reisen-hamburg.de\/wp-content\/uploads\/2023\/08\/Porto-Ansicht-1-1536x1152.jpg 1536w, https:\/\/ruge-reisen-hamburg.de\/wp-content\/uploads\/2023\/08\/Porto-Ansicht-1-2048x1536.jpg 2048w, https:\/\/ruge-reisen-hamburg.de\/wp-content\/uploads\/2023\/08\/Porto-Ansicht-1-1200x900.jpg 1200w\" sizes=\"(max-width: 709px) 85vw, (max-width: 909px) 67vw, (max-width: 1362px) 62vw, 840px\" \/><figcaption class=\"wp-element-caption\"><strong>Portugal<\/strong><\/figcaption><\/figure>\n\n\n\n<figure class=\"wp-block-image size-full\"><img loading=\"lazy\" decoding=\"async\" width=\"480\" height=\"640\" data-id=\"668\" src=\"http:\/\/ruge-reisen-hamburg.de\/wp-content\/uploads\/2023\/08\/Kachel-Motiv-Blumenvase-Kamelien.jpg\" alt=\"\" class=\"wp-image-668\" srcset=\"https:\/\/ruge-reisen-hamburg.de\/wp-content\/uploads\/2023\/08\/Kachel-Motiv-Blumenvase-Kamelien.jpg 480w, https:\/\/ruge-reisen-hamburg.de\/wp-content\/uploads\/2023\/08\/Kachel-Motiv-Blumenvase-Kamelien-225x300.jpg 225w\" sizes=\"(max-width: 480px) 85vw, 480px\" \/><figcaption class=\"wp-element-caption\"><strong>Portugal<\/strong><\/figcaption><\/figure>\n\n\n\n<figure class=\"wp-block-image size-large\"><img loading=\"lazy\" decoding=\"async\" width=\"1024\" height=\"768\" data-id=\"675\" src=\"http:\/\/ruge-reisen-hamburg.de\/wp-content\/uploads\/2023\/08\/Nizza-Hotel-Negresco-an-der-Promenade-des-Anglaises-2-1024x768.jpg\" alt=\"\" class=\"wp-image-675\" style=\"aspect-ratio:1;object-fit:cover\" srcset=\"https:\/\/ruge-reisen-hamburg.de\/wp-content\/uploads\/2023\/08\/Nizza-Hotel-Negresco-an-der-Promenade-des-Anglaises-2-1024x768.jpg 1024w, https:\/\/ruge-reisen-hamburg.de\/wp-content\/uploads\/2023\/08\/Nizza-Hotel-Negresco-an-der-Promenade-des-Anglaises-2-300x225.jpg 300w, https:\/\/ruge-reisen-hamburg.de\/wp-content\/uploads\/2023\/08\/Nizza-Hotel-Negresco-an-der-Promenade-des-Anglaises-2-768x576.jpg 768w, https:\/\/ruge-reisen-hamburg.de\/wp-content\/uploads\/2023\/08\/Nizza-Hotel-Negresco-an-der-Promenade-des-Anglaises-2-1536x1152.jpg 1536w, https:\/\/ruge-reisen-hamburg.de\/wp-content\/uploads\/2023\/08\/Nizza-Hotel-Negresco-an-der-Promenade-des-Anglaises-2-2048x1536.jpg 2048w, https:\/\/ruge-reisen-hamburg.de\/wp-content\/uploads\/2023\/08\/Nizza-Hotel-Negresco-an-der-Promenade-des-Anglaises-2-1200x900.jpg 1200w\" sizes=\"(max-width: 709px) 85vw, (max-width: 909px) 67vw, (max-width: 1362px) 62vw, 840px\" \/><figcaption class=\"wp-element-caption\"><strong>C\u00f4te d\u2018Azur<\/strong><\/figcaption><\/figure>\n\n\n\n<figure class=\"wp-block-image size-large\"><img loading=\"lazy\" decoding=\"async\" width=\"768\" height=\"1024\" data-id=\"682\" src=\"http:\/\/ruge-reisen-hamburg.de\/wp-content\/uploads\/2023\/08\/Villa-Ephrussi-de-Rothschild-10-768x1024.jpg\" alt=\"\" class=\"wp-image-682\" style=\"aspect-ratio:1;object-fit:cover\" srcset=\"https:\/\/ruge-reisen-hamburg.de\/wp-content\/uploads\/2023\/08\/Villa-Ephrussi-de-Rothschild-10-768x1024.jpg 768w, https:\/\/ruge-reisen-hamburg.de\/wp-content\/uploads\/2023\/08\/Villa-Ephrussi-de-Rothschild-10-225x300.jpg 225w, https:\/\/ruge-reisen-hamburg.de\/wp-content\/uploads\/2023\/08\/Villa-Ephrussi-de-Rothschild-10-1152x1536.jpg 1152w, https:\/\/ruge-reisen-hamburg.de\/wp-content\/uploads\/2023\/08\/Villa-Ephrussi-de-Rothschild-10-1536x2048.jpg 1536w, https:\/\/ruge-reisen-hamburg.de\/wp-content\/uploads\/2023\/08\/Villa-Ephrussi-de-Rothschild-10-1200x1600.jpg 1200w, https:\/\/ruge-reisen-hamburg.de\/wp-content\/uploads\/2023\/08\/Villa-Ephrussi-de-Rothschild-10-scaled.jpg 1920w\" sizes=\"(max-width: 768px) 85vw, 768px\" \/><figcaption class=\"wp-element-caption\"><strong>C\u00f4te d\u2018Azur<\/strong><\/figcaption><\/figure>\n<\/figure>\n\n\n\n<div style=\"height:25px\" aria-hidden=\"true\" class=\"wp-block-spacer\"><\/div>\n\n\n\n<p>Aktuell sind wir in Vorbereitung auf das n\u00e4chste <strong>Reisejahr 2024<\/strong>.<\/p>\n\n\n\n<p>Wie immer lautet das Motto f\u00fcr Genie\u00dfer: <strong>K\u00fcche &#8211; Keller &#8211; Kultur<\/strong>.<br>Auch Gartenfreunde werden voll auf Ihre Kosten kommen.<\/p>\n\n\n\n<p>Zum Ende des Jahres werden wir Sie hier mit <strong>neuen Reisevorschl\u00e4gen<\/strong> versorgen.<\/p>\n\n\n\n<div style=\"height:25px\" aria-hidden=\"true\" class=\"wp-block-spacer\"><\/div>\n\n\n\n<div class=\"wp-block-columns is-layout-flex wp-container-core-columns-is-layout-9d6595d7 wp-block-columns-is-layout-flex\">\n<div class=\"wp-block-column is-layout-flow wp-block-column-is-layout-flow\">\n<p>Bleiben Sie bis dahin gesund und genie\u00dfen Sie einen sonnigen Herbstauftakt.<\/p>\n\n\n\n<p>Herzliche Gr\u00fc\u00dfe<\/p>\n<\/div>\n<\/div>\n\n\n\n<figure class=\"wp-block-image size-full is-resized\"><img decoding=\"async\" src=\"http:\/\/ruge-reisen-hamburg.de\/wp-content\/uploads\/2023\/08\/unterschrift-e1693348002301.jpg\" alt=\"\" class=\"wp-image-629\" style=\"width:300px\" width=\"300\" srcset=\"https:\/\/ruge-reisen-hamburg.de\/wp-content\/uploads\/2023\/08\/unterschrift-e1693348002301.jpg 598w, https:\/\/ruge-reisen-hamburg.de\/wp-content\/uploads\/2023\/08\/unterschrift-e1693348002301-300x75.jpg 300w\" sizes=\"(max-width: 598px) 85vw, 598px\" \/><\/figure>\n","protected":false},"excerpt":{"rendered":"<p>Liebe Reisefreunde, zu den sp\u00e4tsommerlichen Tagen gesellen sich schon die ersten Herbstankl\u00e4nge. Was liegt da n\u00e4her, als die Gedanken und Reise-Sehns\u00fcchte in die genussreichen Regionen Europas zu richten. Ein Paradies par excellence f\u00fcr Genie\u00dfer und Gartenfreunde ist sicher das P\u00e9rigord im S\u00fcdwesten Frankreichs. Eine Region voller Natursch\u00f6nheiten und Gaumenfreuden, die im herbstlichen Licht einen besonderen &hellip; <a href=\"https:\/\/ruge-reisen-hamburg.de\/\" class=\"more-link\"><span class=\"screen-reader-text\">\u201e\u201c <\/span>weiterlesen<\/a><\/p>\n","protected":false},"author":1,"featured_media":0,"parent":0,"menu_order":0,"comment_status":"closed","ping_status":"closed","template":"","meta":{"footnotes":""},"class_list":["post-628","page","type-page","status-publish","hentry"],"_links":{"self":[{"href":"https:\/\/ruge-reisen-hamburg.de\/index.php?rest_route=\/wp\/v2\/pages\/628","targetHints":{"allow":["GET"]}}],"collection":[{"href":"https:\/\/ruge-reisen-hamburg.de\/index.php?rest_route=\/wp\/v2\/pages"}],"about":[{"href":"https:\/\/ruge-reisen-hamburg.de\/index.php?rest_route=\/wp\/v2\/types\/page"}],"author":[{"embeddable":true,"href":"https:\/\/ruge-reisen-hamburg.de\/index.php?rest_route=\/wp\/v2\/users\/1"}],"replies":[{"embeddable":true,"href":"https:\/\/ruge-reisen-hamburg.de\/index.php?rest_route=%2Fwp%2Fv2%2Fcomments&post=628"}],"version-history":[{"count":29,"href":"https:\/\/ruge-reisen-hamburg.de\/index.php?rest_route=\/wp\/v2\/pages\/628\/revisions"}],"predecessor-version":[{"id":691,"href":"https:\/\/ruge-reisen-hamburg.de\/index.php?rest_route=\/wp\/v2\/pages\/628\/revisions\/691"}],"wp:attachment":[{"href":"https:\/\/ruge-reisen-hamburg.de\/index.php?rest_route=%2Fwp%2Fv2%2Fmedia&parent=628"}],"curies":[{"name":"wp","href":"https:\/\/api.w.org\/{rel}","templated":true}]}}