{"id":584,"date":"2022-01-22T00:08:16","date_gmt":"2022-01-22T00:08:16","guid":{"rendered":"https:\/\/ruge-reisen-hamburg.de\/?page_id=584"},"modified":"2022-01-22T00:08:16","modified_gmt":"2022-01-22T00:08:16","slug":"wien-im-dreivierteltakt-kaffeehaustradition-moderne-und-gruene-oasen","status":"publish","type":"page","link":"https:\/\/ruge-reisen-hamburg.de\/?page_id=584","title":{"rendered":"Wien im Dreivierteltakt &#8211; Kaffeehaustradition, Moderne und gr\u00fcne Oasen"},"content":{"rendered":"\n<h2 class=\"wp-block-heading\">25.04.2022 bis 30.04.2022<\/h2>\n\n\n\n<p class=\"has-dark-gray-color has-text-color\"><strong>Inspiration Wien- Imperiales Erbe und moderner Zeitgeist<\/strong>. Mit unserem Partner, der <strong><a href=\"http:\/\/ruge-reisen-hamburg.de\/wp-content\/uploads\/2022\/01\/WG2202_Leserreise_Vorschau2022_WohnenGarten22022_S109-4.pdf\" data-type=\"URL\" data-id=\"http:\/\/ruge-reisen-hamburg.de\/wp-content\/uploads\/2022\/01\/WG2202_Leserreise_Vorschau2022_WohnenGarten22022_S109-4.pdf\"><span class=\"has-inline-color has-dark-gray-color\">B\u00fcchergilde<\/span><\/a><span class=\"has-inline-color has-bright-blue-color\"> <\/span><\/strong>f\u00fchrt diese besondere Literatur- und Kulturreise ins Innere der geschichtstr\u00e4chtigen Metropole mit ihren Kultursch\u00e4tzen und ihrer gem\u00fctlichen Lebensart. Entdecken Sie die Kaffeehauskultur, die Wiener Moderne und die gr\u00fcnen Oasen der Stadt und genie\u00dfen Sie auch die gute Wiener K\u00fcche. Bitte fordern Sie bei uns das Detailprogramm zu dieser Reise von 25.-30. April 2022 an.<\/p>\n\n\n\n<figure class=\"wp-block-gallery columns-1 is-cropped wp-block-gallery-1 is-layout-flex wp-block-gallery-is-layout-flex\"><ul class=\"blocks-gallery-grid\"><li class=\"blocks-gallery-item\"><figure><img fetchpriority=\"high\" decoding=\"async\" width=\"1024\" height=\"768\" src=\"http:\/\/ruge-reisen-hamburg.de\/wp-content\/uploads\/2022\/01\/Wien-Belvedere-oben-1024x768.jpg\" alt=\"\" data-id=\"569\" data-full-url=\"http:\/\/ruge-reisen-hamburg.de\/wp-content\/uploads\/2022\/01\/Wien-Belvedere-oben-scaled.jpg\" data-link=\"https:\/\/ruge-reisen-hamburg.de\/?attachment_id=569\" class=\"wp-image-569\" srcset=\"https:\/\/ruge-reisen-hamburg.de\/wp-content\/uploads\/2022\/01\/Wien-Belvedere-oben-1024x768.jpg 1024w, https:\/\/ruge-reisen-hamburg.de\/wp-content\/uploads\/2022\/01\/Wien-Belvedere-oben-300x225.jpg 300w, https:\/\/ruge-reisen-hamburg.de\/wp-content\/uploads\/2022\/01\/Wien-Belvedere-oben-768x576.jpg 768w, https:\/\/ruge-reisen-hamburg.de\/wp-content\/uploads\/2022\/01\/Wien-Belvedere-oben-1536x1152.jpg 1536w, https:\/\/ruge-reisen-hamburg.de\/wp-content\/uploads\/2022\/01\/Wien-Belvedere-oben-2048x1536.jpg 2048w, https:\/\/ruge-reisen-hamburg.de\/wp-content\/uploads\/2022\/01\/Wien-Belvedere-oben-1200x900.jpg 1200w\" sizes=\"(max-width: 709px) 85vw, (max-width: 909px) 67vw, (max-width: 1362px) 62vw, 840px\" \/><figcaption class=\"blocks-gallery-item__caption\"> <\/figcaption><\/figure><\/li><\/ul><figcaption class=\"blocks-gallery-caption\"> <\/figcaption><\/figure>\n\n\n\n<figure class=\"wp-block-gallery columns-3 is-cropped wp-block-gallery-2 is-layout-flex wp-block-gallery-is-layout-flex\"><ul class=\"blocks-gallery-grid\"><li class=\"blocks-gallery-item\"><figure><img decoding=\"async\" width=\"768\" height=\"1024\" src=\"https:\/\/ruge-reisen-hamburg.de\/wp-content\/uploads\/2022\/01\/Wien-Belvedere-Sphnix-1-768x1024.jpg\" alt=\"\" data-id=\"573\" data-full-url=\"https:\/\/ruge-reisen-hamburg.de\/wp-content\/uploads\/2022\/01\/Wien-Belvedere-Sphnix-1-scaled.jpg\" data-link=\"https:\/\/ruge-reisen-hamburg.de\/?attachment_id=573\" class=\"wp-image-573\" srcset=\"https:\/\/ruge-reisen-hamburg.de\/wp-content\/uploads\/2022\/01\/Wien-Belvedere-Sphnix-1-768x1024.jpg 768w, https:\/\/ruge-reisen-hamburg.de\/wp-content\/uploads\/2022\/01\/Wien-Belvedere-Sphnix-1-225x300.jpg 225w, https:\/\/ruge-reisen-hamburg.de\/wp-content\/uploads\/2022\/01\/Wien-Belvedere-Sphnix-1-1152x1536.jpg 1152w, https:\/\/ruge-reisen-hamburg.de\/wp-content\/uploads\/2022\/01\/Wien-Belvedere-Sphnix-1-1536x2048.jpg 1536w, https:\/\/ruge-reisen-hamburg.de\/wp-content\/uploads\/2022\/01\/Wien-Belvedere-Sphnix-1-1200x1600.jpg 1200w, https:\/\/ruge-reisen-hamburg.de\/wp-content\/uploads\/2022\/01\/Wien-Belvedere-Sphnix-1-scaled.jpg 1920w\" sizes=\"(max-width: 768px) 85vw, 768px\" \/><figcaption class=\"blocks-gallery-item__caption\"> <\/figcaption><\/figure><\/li><li class=\"blocks-gallery-item\"><figure><img decoding=\"async\" width=\"1024\" height=\"768\" src=\"https:\/\/ruge-reisen-hamburg.de\/wp-content\/uploads\/2022\/01\/Wien-Schoenbrunn-Park-Skulptur-1024x768.jpg\" alt=\"\" data-id=\"571\" data-full-url=\"https:\/\/ruge-reisen-hamburg.de\/wp-content\/uploads\/2022\/01\/Wien-Schoenbrunn-Park-Skulptur.jpg\" data-link=\"https:\/\/ruge-reisen-hamburg.de\/?attachment_id=571\" class=\"wp-image-571\" srcset=\"https:\/\/ruge-reisen-hamburg.de\/wp-content\/uploads\/2022\/01\/Wien-Schoenbrunn-Park-Skulptur-1024x768.jpg 1024w, https:\/\/ruge-reisen-hamburg.de\/wp-content\/uploads\/2022\/01\/Wien-Schoenbrunn-Park-Skulptur-300x225.jpg 300w, https:\/\/ruge-reisen-hamburg.de\/wp-content\/uploads\/2022\/01\/Wien-Schoenbrunn-Park-Skulptur-768x576.jpg 768w, https:\/\/ruge-reisen-hamburg.de\/wp-content\/uploads\/2022\/01\/Wien-Schoenbrunn-Park-Skulptur-1536x1152.jpg 1536w, https:\/\/ruge-reisen-hamburg.de\/wp-content\/uploads\/2022\/01\/Wien-Schoenbrunn-Park-Skulptur-2048x1536.jpg 2048w, https:\/\/ruge-reisen-hamburg.de\/wp-content\/uploads\/2022\/01\/Wien-Schoenbrunn-Park-Skulptur-1200x900.jpg 1200w\" sizes=\"(max-width: 709px) 85vw, (max-width: 909px) 67vw, (max-width: 1362px) 62vw, 840px\" \/><\/figure><\/li><li class=\"blocks-gallery-item\"><figure><img loading=\"lazy\" decoding=\"async\" width=\"768\" height=\"1024\" src=\"https:\/\/ruge-reisen-hamburg.de\/wp-content\/uploads\/2022\/01\/Wien-Stephansdom-2-1-768x1024.jpg\" alt=\"\" data-id=\"574\" data-full-url=\"https:\/\/ruge-reisen-hamburg.de\/wp-content\/uploads\/2022\/01\/Wien-Stephansdom-2-1-scaled.jpg\" data-link=\"https:\/\/ruge-reisen-hamburg.de\/?attachment_id=574\" class=\"wp-image-574\" srcset=\"https:\/\/ruge-reisen-hamburg.de\/wp-content\/uploads\/2022\/01\/Wien-Stephansdom-2-1-768x1024.jpg 768w, https:\/\/ruge-reisen-hamburg.de\/wp-content\/uploads\/2022\/01\/Wien-Stephansdom-2-1-225x300.jpg 225w, https:\/\/ruge-reisen-hamburg.de\/wp-content\/uploads\/2022\/01\/Wien-Stephansdom-2-1-1152x1536.jpg 1152w, https:\/\/ruge-reisen-hamburg.de\/wp-content\/uploads\/2022\/01\/Wien-Stephansdom-2-1-1536x2048.jpg 1536w, https:\/\/ruge-reisen-hamburg.de\/wp-content\/uploads\/2022\/01\/Wien-Stephansdom-2-1-1200x1600.jpg 1200w, https:\/\/ruge-reisen-hamburg.de\/wp-content\/uploads\/2022\/01\/Wien-Stephansdom-2-1-scaled.jpg 1920w\" sizes=\"(max-width: 768px) 85vw, 768px\" \/><figcaption class=\"blocks-gallery-item__caption\"> <\/figcaption><\/figure><\/li><\/ul><\/figure>\n\n\n\n<div class=\"wp-block-columns is-layout-flex wp-container-core-columns-is-layout-9d6595d7 wp-block-columns-is-layout-flex\">\n<div class=\"wp-block-column is-layout-flow wp-block-column-is-layout-flow\" style=\"flex-basis:100%\">\n<div class=\"wp-block-columns are-vertically-aligned-bottom is-layout-flex wp-container-core-columns-is-layout-9d6595d7 wp-block-columns-is-layout-flex\">\n<div class=\"wp-block-column is-vertically-aligned-bottom is-layout-flow wp-block-column-is-layout-flow\" style=\"flex-basis:66.66%\">\n<p class=\"has-text-align-left has-small-font-size\"><strong>&#8222;Wien im Dreivierteltakt &#8211; Kaffeehaustradition, Moderne und gr\u00fcne Oasen&#8220; | auf der Seite der B\u00fcchergilde<\/strong><\/p>\n<\/div>\n\n\n\n<div class=\"wp-block-column is-vertically-aligned-bottom is-layout-flow wp-block-column-is-layout-flow\" style=\"flex-basis:33.33%\">\n<div class=\"wp-block-buttons is-content-justification-right is-layout-flex wp-block-buttons-is-layout-flex\">\n<div class=\"wp-block-button has-custom-font-size has-small-font-size\"><a class=\"wp-block-button__link has-white-color has-dark-gray-background-color has-text-color has-background no-border-radius\" href=\"https:\/\/www.buechergilde.de\/reise-147\/items\/kaisermelange.html\">\u00d6ffnen<\/a><\/div>\n<\/div>\n<\/div>\n<\/div>\n<\/div>\n<\/div>\n","protected":false},"excerpt":{"rendered":"<p>25.04.2022 bis 30.04.2022 Inspiration Wien- Imperiales Erbe und moderner Zeitgeist. Mit unserem Partner, der B\u00fcchergilde f\u00fchrt diese besondere Literatur- und Kulturreise ins Innere der geschichtstr\u00e4chtigen Metropole mit ihren Kultursch\u00e4tzen und ihrer gem\u00fctlichen Lebensart. Entdecken Sie die Kaffeehauskultur, die Wiener Moderne und die gr\u00fcnen Oasen der Stadt und genie\u00dfen Sie auch die gute Wiener K\u00fcche. Bitte &hellip; <a href=\"https:\/\/ruge-reisen-hamburg.de\/?page_id=584\" class=\"more-link\"><span class=\"screen-reader-text\">\u201eWien im Dreivierteltakt &#8211; Kaffeehaustradition, Moderne und gr\u00fcne Oasen\u201c <\/span>weiterlesen<\/a><\/p>\n","protected":false},"author":1,"featured_media":0,"parent":0,"menu_order":0,"comment_status":"closed","ping_status":"closed","template":"","meta":{"footnotes":""},"class_list":["post-584","page","type-page","status-publish","hentry"],"_links":{"self":[{"href":"https:\/\/ruge-reisen-hamburg.de\/index.php?rest_route=\/wp\/v2\/pages\/584","targetHints":{"allow":["GET"]}}],"collection":[{"href":"https:\/\/ruge-reisen-hamburg.de\/index.php?rest_route=\/wp\/v2\/pages"}],"about":[{"href":"https:\/\/ruge-reisen-hamburg.de\/index.php?rest_route=\/wp\/v2\/types\/page"}],"author":[{"embeddable":true,"href":"https:\/\/ruge-reisen-hamburg.de\/index.php?rest_route=\/wp\/v2\/users\/1"}],"replies":[{"embeddable":true,"href":"https:\/\/ruge-reisen-hamburg.de\/index.php?rest_route=%2Fwp%2Fv2%2Fcomments&post=584"}],"version-history":[{"count":1,"href":"https:\/\/ruge-reisen-hamburg.de\/index.php?rest_route=\/wp\/v2\/pages\/584\/revisions"}],"predecessor-version":[{"id":585,"href":"https:\/\/ruge-reisen-hamburg.de\/index.php?rest_route=\/wp\/v2\/pages\/584\/revisions\/585"}],"wp:attachment":[{"href":"https:\/\/ruge-reisen-hamburg.de\/index.php?rest_route=%2Fwp%2Fv2%2Fmedia&parent=584"}],"curies":[{"name":"wp","href":"https:\/\/api.w.org\/{rel}","templated":true}]}}