{"id":580,"date":"2022-01-21T22:53:32","date_gmt":"2022-01-21T22:53:32","guid":{"rendered":"https:\/\/ruge-reisen-hamburg.de\/?page_id=580"},"modified":"2022-01-22T00:08:50","modified_gmt":"2022-01-22T00:08:50","slug":"r","status":"publish","type":"page","link":"https:\/\/ruge-reisen-hamburg.de\/?page_id=580","title":{"rendered":"Rosen, Kunst und Kultur in Luxemburg"},"content":{"rendered":"\n<h2 class=\"wp-block-heading\">12.06.2022 bis 17.06.2022<\/h2>\n\n\n\n<p>F\u00fcr Juni 2022 haben wir aktuell eine&nbsp;<strong>besondere Leserreise<\/strong>&nbsp;zur <strong>Rosenbl\u00fcte nach Luxemburg<\/strong> in Buchung, die<strong>&nbsp;gemeinsam mit dem Journal \u201e<\/strong><a rel=\"noreferrer noopener\" href=\"https:\/\/wohnen-und-garten.de\/\" target=\"_blank\"><strong><span class=\"has-inline-color has-dark-gray-color\">Wohnen &amp; Garten<\/span><\/strong><\/a><strong>\u201c&nbsp;<\/strong>durchgef\u00fchrt wird. Lernen Sie auf dieser spannenden Reise unser Nachbarland besser kennen, genie\u00dfen Sie Kultur &amp; Kulinarik, wundersch\u00f6ne G\u00e4rten und besuchen Sie mit uns Esch-sur-Alzette, die Kulturhauptstadt 2022. Das Detailprogramm mit Preisen und Leistungen erhalten Sie telefonisch oder via E-Mail. Ich freue mich schon darauf, Sie bei dieser Leserreise zu begr\u00fc\u00dfen.<\/p>\n\n\n\n<figure class=\"wp-block-gallery columns-1 is-cropped wp-block-gallery-1 is-layout-flex wp-block-gallery-is-layout-flex\"><ul class=\"blocks-gallery-grid\"><li class=\"blocks-gallery-item\"><figure><img fetchpriority=\"high\" decoding=\"async\" width=\"1024\" height=\"768\" src=\"http:\/\/ruge-reisen-hamburg.de\/wp-content\/uploads\/2022\/01\/LUXEMBURG-Altstadt-Ausblick-Bild-1-1024x768.jpg\" alt=\"\" data-id=\"564\" data-full-url=\"http:\/\/ruge-reisen-hamburg.de\/wp-content\/uploads\/2022\/01\/LUXEMBURG-Altstadt-Ausblick-Bild-1-scaled.jpg\" data-link=\"https:\/\/ruge-reisen-hamburg.de\/?attachment_id=564\" class=\"wp-image-564\" srcset=\"https:\/\/ruge-reisen-hamburg.de\/wp-content\/uploads\/2022\/01\/LUXEMBURG-Altstadt-Ausblick-Bild-1-1024x768.jpg 1024w, https:\/\/ruge-reisen-hamburg.de\/wp-content\/uploads\/2022\/01\/LUXEMBURG-Altstadt-Ausblick-Bild-1-300x225.jpg 300w, https:\/\/ruge-reisen-hamburg.de\/wp-content\/uploads\/2022\/01\/LUXEMBURG-Altstadt-Ausblick-Bild-1-768x576.jpg 768w, https:\/\/ruge-reisen-hamburg.de\/wp-content\/uploads\/2022\/01\/LUXEMBURG-Altstadt-Ausblick-Bild-1-1536x1152.jpg 1536w, https:\/\/ruge-reisen-hamburg.de\/wp-content\/uploads\/2022\/01\/LUXEMBURG-Altstadt-Ausblick-Bild-1-2048x1536.jpg 2048w, https:\/\/ruge-reisen-hamburg.de\/wp-content\/uploads\/2022\/01\/LUXEMBURG-Altstadt-Ausblick-Bild-1-1200x900.jpg 1200w\" sizes=\"(max-width: 709px) 85vw, (max-width: 909px) 67vw, (max-width: 1362px) 62vw, 840px\" \/><\/figure><\/li><\/ul><figcaption class=\"blocks-gallery-caption\"> <\/figcaption><\/figure>\n\n\n\n<figure class=\"wp-block-gallery columns-3 is-cropped wp-block-gallery-2 is-layout-flex wp-block-gallery-is-layout-flex\"><ul class=\"blocks-gallery-grid\"><li class=\"blocks-gallery-item\"><figure><img decoding=\"async\" width=\"1024\" height=\"768\" src=\"https:\/\/ruge-reisen-hamburg.de\/wp-content\/uploads\/2022\/01\/BAD-MONDORF-Kurpark-Bild-3-1024x768.jpg\" alt=\"\" data-id=\"559\" data-full-url=\"https:\/\/ruge-reisen-hamburg.de\/wp-content\/uploads\/2022\/01\/BAD-MONDORF-Kurpark-Bild-3-scaled.jpg\" data-link=\"https:\/\/ruge-reisen-hamburg.de\/?attachment_id=559\" class=\"wp-image-559\" srcset=\"https:\/\/ruge-reisen-hamburg.de\/wp-content\/uploads\/2022\/01\/BAD-MONDORF-Kurpark-Bild-3-1024x768.jpg 1024w, https:\/\/ruge-reisen-hamburg.de\/wp-content\/uploads\/2022\/01\/BAD-MONDORF-Kurpark-Bild-3-300x225.jpg 300w, https:\/\/ruge-reisen-hamburg.de\/wp-content\/uploads\/2022\/01\/BAD-MONDORF-Kurpark-Bild-3-768x576.jpg 768w, https:\/\/ruge-reisen-hamburg.de\/wp-content\/uploads\/2022\/01\/BAD-MONDORF-Kurpark-Bild-3-1536x1152.jpg 1536w, https:\/\/ruge-reisen-hamburg.de\/wp-content\/uploads\/2022\/01\/BAD-MONDORF-Kurpark-Bild-3-2048x1536.jpg 2048w, https:\/\/ruge-reisen-hamburg.de\/wp-content\/uploads\/2022\/01\/BAD-MONDORF-Kurpark-Bild-3-1200x900.jpg 1200w\" sizes=\"(max-width: 709px) 85vw, (max-width: 909px) 67vw, (max-width: 1362px) 62vw, 840px\" \/><\/figure><\/li><li class=\"blocks-gallery-item\"><figure><img decoding=\"async\" width=\"1024\" height=\"768\" src=\"https:\/\/ruge-reisen-hamburg.de\/wp-content\/uploads\/2022\/01\/METTLACH-Saarschleife-Bild-1-1024x768.jpg\" alt=\"\" data-id=\"563\" data-full-url=\"https:\/\/ruge-reisen-hamburg.de\/wp-content\/uploads\/2022\/01\/METTLACH-Saarschleife-Bild-1-scaled.jpg\" data-link=\"https:\/\/ruge-reisen-hamburg.de\/?attachment_id=563\" class=\"wp-image-563\" srcset=\"https:\/\/ruge-reisen-hamburg.de\/wp-content\/uploads\/2022\/01\/METTLACH-Saarschleife-Bild-1-1024x768.jpg 1024w, https:\/\/ruge-reisen-hamburg.de\/wp-content\/uploads\/2022\/01\/METTLACH-Saarschleife-Bild-1-300x225.jpg 300w, https:\/\/ruge-reisen-hamburg.de\/wp-content\/uploads\/2022\/01\/METTLACH-Saarschleife-Bild-1-768x576.jpg 768w, https:\/\/ruge-reisen-hamburg.de\/wp-content\/uploads\/2022\/01\/METTLACH-Saarschleife-Bild-1-1536x1152.jpg 1536w, https:\/\/ruge-reisen-hamburg.de\/wp-content\/uploads\/2022\/01\/METTLACH-Saarschleife-Bild-1-2048x1536.jpg 2048w, https:\/\/ruge-reisen-hamburg.de\/wp-content\/uploads\/2022\/01\/METTLACH-Saarschleife-Bild-1-1200x900.jpg 1200w\" sizes=\"(max-width: 709px) 85vw, (max-width: 909px) 67vw, (max-width: 1362px) 62vw, 840px\" \/><\/figure><\/li><li class=\"blocks-gallery-item\"><figure><img loading=\"lazy\" decoding=\"async\" width=\"1024\" height=\"768\" src=\"https:\/\/ruge-reisen-hamburg.de\/wp-content\/uploads\/2022\/01\/MERZIG-Garten-der-Sinne-Bild-4-1024x768.jpg\" alt=\"\" data-id=\"562\" data-full-url=\"https:\/\/ruge-reisen-hamburg.de\/wp-content\/uploads\/2022\/01\/MERZIG-Garten-der-Sinne-Bild-4-scaled.jpg\" data-link=\"https:\/\/ruge-reisen-hamburg.de\/?attachment_id=562\" class=\"wp-image-562\" srcset=\"https:\/\/ruge-reisen-hamburg.de\/wp-content\/uploads\/2022\/01\/MERZIG-Garten-der-Sinne-Bild-4-1024x768.jpg 1024w, https:\/\/ruge-reisen-hamburg.de\/wp-content\/uploads\/2022\/01\/MERZIG-Garten-der-Sinne-Bild-4-300x225.jpg 300w, https:\/\/ruge-reisen-hamburg.de\/wp-content\/uploads\/2022\/01\/MERZIG-Garten-der-Sinne-Bild-4-768x576.jpg 768w, https:\/\/ruge-reisen-hamburg.de\/wp-content\/uploads\/2022\/01\/MERZIG-Garten-der-Sinne-Bild-4-1536x1152.jpg 1536w, https:\/\/ruge-reisen-hamburg.de\/wp-content\/uploads\/2022\/01\/MERZIG-Garten-der-Sinne-Bild-4-2048x1536.jpg 2048w, https:\/\/ruge-reisen-hamburg.de\/wp-content\/uploads\/2022\/01\/MERZIG-Garten-der-Sinne-Bild-4-1200x900.jpg 1200w\" sizes=\"(max-width: 709px) 85vw, (max-width: 909px) 67vw, (max-width: 1362px) 62vw, 840px\" \/><\/figure><\/li><\/ul><\/figure>\n\n\n\n<div class=\"wp-block-columns is-layout-flex wp-container-core-columns-is-layout-9d6595d7 wp-block-columns-is-layout-flex\">\n<div class=\"wp-block-column is-vertically-aligned-top is-layout-flow wp-block-column-is-layout-flow\" style=\"flex-basis:100%\">\n<div class=\"wp-block-group\"><div class=\"wp-block-group__inner-container is-layout-flow wp-block-group-is-layout-flow\">\n<div class=\"wp-block-group\"><div class=\"wp-block-group__inner-container is-layout-flow wp-block-group-is-layout-flow\">\n<div class=\"wp-block-columns is-layout-flex wp-container-core-columns-is-layout-9d6595d7 wp-block-columns-is-layout-flex\">\n<div class=\"wp-block-column is-vertically-aligned-top is-layout-flow wp-block-column-is-layout-flow\" style=\"flex-basis:100%\">\n<div class=\"wp-block-group\"><div class=\"wp-block-group__inner-container is-layout-flow wp-block-group-is-layout-flow\">\n<div class=\"wp-block-columns is-layout-flex wp-container-core-columns-is-layout-9d6595d7 wp-block-columns-is-layout-flex\">\n<div class=\"wp-block-column is-vertically-aligned-bottom is-layout-flow wp-block-column-is-layout-flow\" style=\"flex-basis:66.66%\">\n<p class=\"has-small-font-size\">&#8222;<strong>Rosen, Kunst &amp; Kultur in Luxemburg&#8220; | erschienen in    Wohnen &amp; Garten, Dezember 2021, S. 100-103<\/strong><\/p>\n<\/div>\n\n\n\n<div class=\"wp-block-column is-layout-flow wp-block-column-is-layout-flow\" style=\"flex-basis:33.33%\">\n<div class=\"wp-block-buttons is-content-justification-right is-layout-flex wp-block-buttons-is-layout-flex\">\n<div class=\"wp-block-button has-custom-font-size has-small-font-size\"><a class=\"wp-block-button__link has-white-color has-dark-gray-background-color has-text-color has-background no-border-radius\" href=\"http:\/\/ruge-reisen-hamburg.de\/wp-content\/uploads\/2022\/01\/WohnenundGarten_Dezember2021_S100-103_Leserreise_Luxemburg.pdf\" target=\"_blank\" rel=\"noreferrer noopener\">Herunterladen<\/a><\/div>\n<\/div>\n<\/div>\n<\/div>\n<\/div><\/div>\n<\/div>\n<\/div>\n<\/div><\/div>\n<\/div><\/div>\n<\/div>\n<\/div>\n\n\n\n<p><\/p>\n","protected":false},"excerpt":{"rendered":"<p>12.06.2022 bis 17.06.2022 F\u00fcr Juni 2022 haben wir aktuell eine&nbsp;besondere Leserreise&nbsp;zur Rosenbl\u00fcte nach Luxemburg in Buchung, die&nbsp;gemeinsam mit dem Journal \u201eWohnen &amp; Garten\u201c&nbsp;durchgef\u00fchrt wird. Lernen Sie auf dieser spannenden Reise unser Nachbarland besser kennen, genie\u00dfen Sie Kultur &amp; Kulinarik, wundersch\u00f6ne G\u00e4rten und besuchen Sie mit uns Esch-sur-Alzette, die Kulturhauptstadt 2022. Das Detailprogramm mit Preisen und &hellip; <a href=\"https:\/\/ruge-reisen-hamburg.de\/?page_id=580\" class=\"more-link\"><span class=\"screen-reader-text\">\u201eRosen, Kunst und Kultur in Luxemburg\u201c <\/span>weiterlesen<\/a><\/p>\n","protected":false},"author":1,"featured_media":0,"parent":0,"menu_order":0,"comment_status":"closed","ping_status":"closed","template":"","meta":{"footnotes":""},"class_list":["post-580","page","type-page","status-publish","hentry"],"_links":{"self":[{"href":"https:\/\/ruge-reisen-hamburg.de\/index.php?rest_route=\/wp\/v2\/pages\/580","targetHints":{"allow":["GET"]}}],"collection":[{"href":"https:\/\/ruge-reisen-hamburg.de\/index.php?rest_route=\/wp\/v2\/pages"}],"about":[{"href":"https:\/\/ruge-reisen-hamburg.de\/index.php?rest_route=\/wp\/v2\/types\/page"}],"author":[{"embeddable":true,"href":"https:\/\/ruge-reisen-hamburg.de\/index.php?rest_route=\/wp\/v2\/users\/1"}],"replies":[{"embeddable":true,"href":"https:\/\/ruge-reisen-hamburg.de\/index.php?rest_route=%2Fwp%2Fv2%2Fcomments&post=580"}],"version-history":[{"count":4,"href":"https:\/\/ruge-reisen-hamburg.de\/index.php?rest_route=\/wp\/v2\/pages\/580\/revisions"}],"predecessor-version":[{"id":592,"href":"https:\/\/ruge-reisen-hamburg.de\/index.php?rest_route=\/wp\/v2\/pages\/580\/revisions\/592"}],"wp:attachment":[{"href":"https:\/\/ruge-reisen-hamburg.de\/index.php?rest_route=%2Fwp%2Fv2%2Fmedia&parent=580"}],"curies":[{"name":"wp","href":"https:\/\/api.w.org\/{rel}","templated":true}]}}