{"id":525,"date":"2021-02-10T23:11:59","date_gmt":"2021-02-10T23:11:59","guid":{"rendered":"http:\/\/ruge-reisen-hamburg.de\/?page_id=525"},"modified":"2022-02-20T15:04:13","modified_gmt":"2022-02-20T15:04:13","slug":"gartentraum-am-bodensee","status":"publish","type":"page","link":"https:\/\/ruge-reisen-hamburg.de\/?page_id=525","title":{"rendered":"Gartentraum am Bodensee 22.-26.08."},"content":{"rendered":"\n<h2 class=\"wp-block-heading\" id=\"im-august-an-den-wunderschonen-bodensee\">Im August an den wundersch\u00f6nen Bodensee<\/h2>\n\n\n\n<p>Es freut mich, Ihnen nun aktuell eine <strong>besondere Leserreise<\/strong> vorzustellen zu d\u00fcrfen, die<strong> gemeinsam mit dem Journal \u201e<a rel=\"noreferrer noopener\" href=\"http:\/\/www.wohnen-und-garten.de\/start.html\" data-type=\"URL\" data-id=\"http:\/\/www.wohnen-und-garten.de\/start.html\" target=\"_blank\">Wohnen &amp; Garten<\/a>\u201c <\/strong>durchgef\u00fchrt wird: \u201e<strong>Gartentraum am Bodensee<\/strong>\u201c.&nbsp;<\/p>\n\n\n\n<p>Begleiten Sie uns vom 22.-26.08.2021 zur Landesgartenschau nach \u00dcberlingen und zu den bl\u00fchenden G\u00e4rten der vielf\u00e4ltigen Kulturlandschaft am Bodensee. Das Detailprogramm &#8222;Gartentraum am Bodensee&#8220; mit Preisen und Leistungen erhalten Sie telefonisch oder via E-Mail. Ich freue mich schon darauf, Sie bei dieser Leserreise zu begr\u00fc\u00dfen.<\/p>\n\n\n\n<figure class=\"wp-block-gallery has-nested-images columns-default is-cropped wp-block-gallery-1 is-layout-flex wp-block-gallery-is-layout-flex\">\n<figure class=\"wp-block-image size-large\"><img fetchpriority=\"high\" decoding=\"async\" width=\"1024\" height=\"768\" data-id=\"532\" src=\"https:\/\/ruge-reisen-hamburg.de\/wp-content\/uploads\/2021\/02\/Bodensee-Insel-Mainau-Blumenvogel-Motiv-2-1024x768.jpg\" alt=\"\" class=\"wp-image-532\" srcset=\"https:\/\/ruge-reisen-hamburg.de\/wp-content\/uploads\/2021\/02\/Bodensee-Insel-Mainau-Blumenvogel-Motiv-2-1024x768.jpg 1024w, https:\/\/ruge-reisen-hamburg.de\/wp-content\/uploads\/2021\/02\/Bodensee-Insel-Mainau-Blumenvogel-Motiv-2-300x225.jpg 300w, https:\/\/ruge-reisen-hamburg.de\/wp-content\/uploads\/2021\/02\/Bodensee-Insel-Mainau-Blumenvogel-Motiv-2-768x576.jpg 768w, https:\/\/ruge-reisen-hamburg.de\/wp-content\/uploads\/2021\/02\/Bodensee-Insel-Mainau-Blumenvogel-Motiv-2-1536x1152.jpg 1536w, https:\/\/ruge-reisen-hamburg.de\/wp-content\/uploads\/2021\/02\/Bodensee-Insel-Mainau-Blumenvogel-Motiv-2-2048x1536.jpg 2048w\" sizes=\"(max-width: 709px) 85vw, (max-width: 909px) 67vw, (max-width: 1362px) 62vw, 840px\" \/><\/figure>\n\n\n\n<figure class=\"wp-block-image size-large\"><img decoding=\"async\" width=\"1024\" height=\"768\" data-id=\"533\" src=\"https:\/\/ruge-reisen-hamburg.de\/wp-content\/uploads\/2021\/02\/Bodensee-Insel-Mainau-Brunnen-1024x768.jpg\" alt=\"\" class=\"wp-image-533\" srcset=\"https:\/\/ruge-reisen-hamburg.de\/wp-content\/uploads\/2021\/02\/Bodensee-Insel-Mainau-Brunnen-1024x768.jpg 1024w, https:\/\/ruge-reisen-hamburg.de\/wp-content\/uploads\/2021\/02\/Bodensee-Insel-Mainau-Brunnen-300x225.jpg 300w, https:\/\/ruge-reisen-hamburg.de\/wp-content\/uploads\/2021\/02\/Bodensee-Insel-Mainau-Brunnen-768x576.jpg 768w, https:\/\/ruge-reisen-hamburg.de\/wp-content\/uploads\/2021\/02\/Bodensee-Insel-Mainau-Brunnen-1536x1152.jpg 1536w, https:\/\/ruge-reisen-hamburg.de\/wp-content\/uploads\/2021\/02\/Bodensee-Insel-Mainau-Brunnen-2048x1536.jpg 2048w\" sizes=\"(max-width: 709px) 85vw, (max-width: 909px) 67vw, (max-width: 1362px) 62vw, 840px\" \/><\/figure>\n\n\n\n<figure class=\"wp-block-image size-large\"><img decoding=\"async\" width=\"1024\" height=\"768\" data-id=\"534\" src=\"https:\/\/ruge-reisen-hamburg.de\/wp-content\/uploads\/2021\/02\/Bodensee-Insel-Mainau-Gewaechshaeuser-Motiv-1-1-1024x768.jpg\" alt=\"\" class=\"wp-image-534\" srcset=\"https:\/\/ruge-reisen-hamburg.de\/wp-content\/uploads\/2021\/02\/Bodensee-Insel-Mainau-Gewaechshaeuser-Motiv-1-1-1024x768.jpg 1024w, https:\/\/ruge-reisen-hamburg.de\/wp-content\/uploads\/2021\/02\/Bodensee-Insel-Mainau-Gewaechshaeuser-Motiv-1-1-300x225.jpg 300w, https:\/\/ruge-reisen-hamburg.de\/wp-content\/uploads\/2021\/02\/Bodensee-Insel-Mainau-Gewaechshaeuser-Motiv-1-1-768x576.jpg 768w, https:\/\/ruge-reisen-hamburg.de\/wp-content\/uploads\/2021\/02\/Bodensee-Insel-Mainau-Gewaechshaeuser-Motiv-1-1-1536x1152.jpg 1536w, https:\/\/ruge-reisen-hamburg.de\/wp-content\/uploads\/2021\/02\/Bodensee-Insel-Mainau-Gewaechshaeuser-Motiv-1-1-2048x1536.jpg 2048w\" sizes=\"(max-width: 709px) 85vw, (max-width: 909px) 67vw, (max-width: 1362px) 62vw, 840px\" \/><\/figure>\n\n\n\n<figure class=\"wp-block-image size-large\"><img loading=\"lazy\" decoding=\"async\" width=\"1024\" height=\"768\" data-id=\"535\" src=\"https:\/\/ruge-reisen-hamburg.de\/wp-content\/uploads\/2021\/02\/Bodensee-Insel-Mainau-Schloss-Motiv-2-1024x768.jpg\" alt=\"\" class=\"wp-image-535\" srcset=\"https:\/\/ruge-reisen-hamburg.de\/wp-content\/uploads\/2021\/02\/Bodensee-Insel-Mainau-Schloss-Motiv-2-1024x768.jpg 1024w, https:\/\/ruge-reisen-hamburg.de\/wp-content\/uploads\/2021\/02\/Bodensee-Insel-Mainau-Schloss-Motiv-2-300x225.jpg 300w, https:\/\/ruge-reisen-hamburg.de\/wp-content\/uploads\/2021\/02\/Bodensee-Insel-Mainau-Schloss-Motiv-2-768x576.jpg 768w, https:\/\/ruge-reisen-hamburg.de\/wp-content\/uploads\/2021\/02\/Bodensee-Insel-Mainau-Schloss-Motiv-2-1536x1152.jpg 1536w, https:\/\/ruge-reisen-hamburg.de\/wp-content\/uploads\/2021\/02\/Bodensee-Insel-Mainau-Schloss-Motiv-2-2048x1536.jpg 2048w\" sizes=\"(max-width: 709px) 85vw, (max-width: 909px) 67vw, (max-width: 1362px) 62vw, 840px\" \/><\/figure>\n\n\n\n<figure class=\"wp-block-image size-large\"><img loading=\"lazy\" decoding=\"async\" width=\"1024\" height=\"768\" data-id=\"536\" src=\"https:\/\/ruge-reisen-hamburg.de\/wp-content\/uploads\/2021\/02\/Bodensee-Weinbau-1024x768.jpg\" alt=\"\" class=\"wp-image-536\" srcset=\"https:\/\/ruge-reisen-hamburg.de\/wp-content\/uploads\/2021\/02\/Bodensee-Weinbau-1024x768.jpg 1024w, https:\/\/ruge-reisen-hamburg.de\/wp-content\/uploads\/2021\/02\/Bodensee-Weinbau-300x225.jpg 300w, https:\/\/ruge-reisen-hamburg.de\/wp-content\/uploads\/2021\/02\/Bodensee-Weinbau-768x576.jpg 768w, https:\/\/ruge-reisen-hamburg.de\/wp-content\/uploads\/2021\/02\/Bodensee-Weinbau-1536x1152.jpg 1536w, https:\/\/ruge-reisen-hamburg.de\/wp-content\/uploads\/2021\/02\/Bodensee-Weinbau-2048x1536.jpg 2048w\" sizes=\"(max-width: 709px) 85vw, (max-width: 909px) 67vw, (max-width: 1362px) 62vw, 840px\" \/><\/figure>\n<\/figure>\n\n\n\n<div class=\"wp-block-file\"><a id=\"wp-block-file--media-ad9d5118-b8f0-4f01-9ef5-f11210ace235\" href=\"http:\/\/ruge-reisen-hamburg.de\/wp-content\/uploads\/2021\/02\/BODENSEE-Leserreise_erschienen-in-Wohnen-Garten-Maerz-2021-S.-100-103-.pdf\" target=\"_blank\" rel=\"noreferrer noopener\">BODENSEE Leserreise_erschienen in &#8222;Wohnen &amp; Garten&#8220; M\u00e4rz 2021 S. 100-103<\/a><a href=\"http:\/\/ruge-reisen-hamburg.de\/wp-content\/uploads\/2021\/02\/BODENSEE-Leserreise_erschienen-in-Wohnen-Garten-Maerz-2021-S.-100-103-.pdf\" class=\"wp-block-file__button\" download aria-describedby=\"wp-block-file--media-ad9d5118-b8f0-4f01-9ef5-f11210ace235\">Herunterladen<\/a><\/div>\n\n\n\n<p><\/p>\n","protected":false},"excerpt":{"rendered":"<p>Im August an den wundersch\u00f6nen Bodensee Es freut mich, Ihnen nun aktuell eine besondere Leserreise vorzustellen zu d\u00fcrfen, die gemeinsam mit dem Journal \u201eWohnen &amp; Garten\u201c durchgef\u00fchrt wird: \u201eGartentraum am Bodensee\u201c.&nbsp; Begleiten Sie uns vom 22.-26.08.2021 zur Landesgartenschau nach \u00dcberlingen und zu den bl\u00fchenden G\u00e4rten der vielf\u00e4ltigen Kulturlandschaft am Bodensee. Das Detailprogramm &#8222;Gartentraum am Bodensee&#8220; &hellip; <a href=\"https:\/\/ruge-reisen-hamburg.de\/?page_id=525\" class=\"more-link\"><span class=\"screen-reader-text\">\u201eGartentraum am Bodensee 22.-26.08.\u201c <\/span>weiterlesen<\/a><\/p>\n","protected":false},"author":1,"featured_media":0,"parent":0,"menu_order":0,"comment_status":"closed","ping_status":"closed","template":"","meta":{"footnotes":""},"class_list":["post-525","page","type-page","status-publish","hentry"],"_links":{"self":[{"href":"https:\/\/ruge-reisen-hamburg.de\/index.php?rest_route=\/wp\/v2\/pages\/525","targetHints":{"allow":["GET"]}}],"collection":[{"href":"https:\/\/ruge-reisen-hamburg.de\/index.php?rest_route=\/wp\/v2\/pages"}],"about":[{"href":"https:\/\/ruge-reisen-hamburg.de\/index.php?rest_route=\/wp\/v2\/types\/page"}],"author":[{"embeddable":true,"href":"https:\/\/ruge-reisen-hamburg.de\/index.php?rest_route=\/wp\/v2\/users\/1"}],"replies":[{"embeddable":true,"href":"https:\/\/ruge-reisen-hamburg.de\/index.php?rest_route=%2Fwp%2Fv2%2Fcomments&post=525"}],"version-history":[{"count":6,"href":"https:\/\/ruge-reisen-hamburg.de\/index.php?rest_route=\/wp\/v2\/pages\/525\/revisions"}],"predecessor-version":[{"id":594,"href":"https:\/\/ruge-reisen-hamburg.de\/index.php?rest_route=\/wp\/v2\/pages\/525\/revisions\/594"}],"wp:attachment":[{"href":"https:\/\/ruge-reisen-hamburg.de\/index.php?rest_route=%2Fwp%2Fv2%2Fmedia&parent=525"}],"curies":[{"name":"wp","href":"https:\/\/api.w.org\/{rel}","templated":true}]}}