{"id":434,"date":"2019-12-17T12:05:41","date_gmt":"2019-12-17T12:05:41","guid":{"rendered":"http:\/\/ruge-reisen-hamburg.de\/?page_id=434"},"modified":"2019-12-20T14:15:08","modified_gmt":"2019-12-20T14:15:08","slug":"download-programm-2020","status":"publish","type":"page","link":"https:\/\/ruge-reisen-hamburg.de\/?page_id=434","title":{"rendered":"Download Programm 2020"},"content":{"rendered":"\n<div class=\"wp-block-file\"><a href=\"http:\/\/ruge-reisen-hamburg.de\/wp-content\/uploads\/2019\/12\/RUGE-REISEN-Flyer-2020.pdf\">RUGE-REISEN-Flyer-2020<\/a><a href=\"http:\/\/ruge-reisen-hamburg.de\/wp-content\/uploads\/2019\/12\/RUGE-REISEN-Flyer-2020.pdf\" class=\"wp-block-file__button\" download>Herunterladen<\/a><\/div>\n\n\n\n<p><strong>P:&nbsp;&nbsp;&nbsp;&nbsp;&nbsp;&nbsp;&nbsp;&nbsp;PORTUGAL &#8211; Herrenh\u00e4user und G\u00e4rten&nbsp;<\/strong><br><strong>&nbsp;12.03. &#8211; 18.03.2020&nbsp;&nbsp;&nbsp;<\/strong><br>Fr\u00fchjahrsauftakt zur Kamelienbl\u00fcte: Entdecken Sie den l\u00e4ndlichen Charme im Norden Portugals und lassen Sie sich begeistern von kulturellen Sch\u00e4tzen, Perlen der Gartenkunst und noblen Herrenh\u00e4usern. Exklusive Leserreise in Zusammenarbeit mit&nbsp;<strong>\u201eWohnen &amp; Garten\u201c<\/strong>. Porto, Guimar\u00e3es, Minhogebiet, Dourotal.&nbsp;<br><strong>7 Tage&nbsp;&nbsp;KKK &#8211; Gartenreise, Flug&nbsp;&nbsp;&nbsp;&nbsp;&nbsp;&nbsp;&nbsp;&nbsp;&nbsp;&nbsp;&nbsp;&nbsp;&nbsp;\u20ac&nbsp;2.255,-<\/strong><\/p>\n\n\n\n<p><strong>F:&nbsp;&nbsp;&nbsp;&nbsp;&nbsp;&nbsp;&nbsp;&nbsp;C\u00d4TE D\u2019AZUR \u2013 Traumg\u00e4rten an der blauen K\u00fcste<\/strong><br><strong>&nbsp;01.05.-07.05.2020<\/strong>&nbsp;&nbsp;&nbsp;&nbsp;<br>Genie\u00dfen Sie im Wonnemonat Mai das Flair der franz\u00f6sischen Riviera im zauberhaften Licht. Entdecken Sie traumhafte mediterrane Landschaften, ber\u00fchmte und private Gartenparadiese sowie bekannte St\u00e4dte und malerische D\u00f6rfer, die schon viele K\u00fcnstler inspirierten. Erleben Sie franz\u00f6sische Lebensart von seiner sch\u00f6nsten Seite. Exklusive Leserreise in Zusammenarbeit mit&nbsp;<strong>\u201eWohnen &amp; Garten\u201c<\/strong>. Nizza, \u00c8ze, Monaco, Menton, Saint-Paul-de-Vence, Grasse, Antibes, Cannes, Fondation Maeght, Chagall Museum.<br><strong>7 Tage&nbsp;&nbsp;KKK &#8211; Genussreise, Flug&nbsp;&nbsp;&nbsp;&nbsp;&nbsp;&nbsp;&nbsp;&nbsp;&nbsp;&nbsp;&nbsp;&nbsp;\u20ac&nbsp;2.350,-&nbsp;<\/strong>&nbsp;&nbsp;<\/p>\n\n\n\n<p><strong>AA:&nbsp;&nbsp;&nbsp;&nbsp;&nbsp;&nbsp;&nbsp;&nbsp;WIEN im Beethoven-Jahr&nbsp;&nbsp;&nbsp;&nbsp;&nbsp;&nbsp;&nbsp;&nbsp;&nbsp;&nbsp;&nbsp;&nbsp;&nbsp;&nbsp;&nbsp;&nbsp;&nbsp;&nbsp;&nbsp;&nbsp;&nbsp;&nbsp;&nbsp;&nbsp;&nbsp;&nbsp;&nbsp;&nbsp;&nbsp;&nbsp;&nbsp;&nbsp;&nbsp;&nbsp;&nbsp;&nbsp;&nbsp;&nbsp;&nbsp;&nbsp;&nbsp;&nbsp;&nbsp;&nbsp;&nbsp;&nbsp;&nbsp;&nbsp;&nbsp;<\/strong>&nbsp;&nbsp;&nbsp;&nbsp;&nbsp;&nbsp;&nbsp;&nbsp;&nbsp;&nbsp;&nbsp;&nbsp;&nbsp;&nbsp;&nbsp;&nbsp;&nbsp;&nbsp;&nbsp;&nbsp;&nbsp;&nbsp;&nbsp;&nbsp;&nbsp;&nbsp;&nbsp;&nbsp;&nbsp;&nbsp;&nbsp;&nbsp;&nbsp;&nbsp;&nbsp;&nbsp;&nbsp;&nbsp;&nbsp;&nbsp;&nbsp;&nbsp;&nbsp;&nbsp;&nbsp;&nbsp;&nbsp;<strong>&nbsp;&nbsp;&nbsp;&nbsp;&nbsp;&nbsp;&nbsp;&nbsp;&nbsp;&nbsp;&nbsp;&nbsp;03.06.-07.06.2020&nbsp;&nbsp;&nbsp;&nbsp;&nbsp;&nbsp;<\/strong><br>Imperiales Erbe und moderner Zeitgeist.&nbsp;St\u00e4dtereise in die geschichtstr\u00e4chtige Donaumetropole mit Charme und gem\u00fctlicher Lebensart. Genie\u00dfen Sie Musik, Theater und Kultur im Beethoven-Jahr, die Kaffeehaustradition und die gute Wiener K\u00fcche.&nbsp;&nbsp;<br><strong>5 Tage&nbsp;KKK &#8211; St\u00e4dtereise, Flug&nbsp;&nbsp;&nbsp;&nbsp;&nbsp;&nbsp;&nbsp;&nbsp;&nbsp;&nbsp;&nbsp;&nbsp;&nbsp;&nbsp;\u20ac 1.385,-<\/strong><\/p>\n\n\n\n<p><strong>DK:&nbsp;&nbsp;&nbsp;&nbsp;D\u00c4NEMARK&nbsp;<\/strong><br><strong>21.06.-27.06.2020&nbsp;<\/strong><br>Erlebnisreise f\u00fcr Genie\u00dfer und Freunde feiner Lebensart. In Herrenh\u00f6fen und Schl\u00f6ssern das sch\u00f6ne Nachbarland im Norden erleben. Exklusive Leserreise in Zusammenarbeit mit&nbsp;<strong>\u201eWohnen &amp; Garten\u201c<\/strong>. N\u00e4here Details und Buchung ab Erscheinungsdatum, Heft 2\/ 2020. J\u00fctland, F\u00fcnen, Seeland mit Kopenhagen.&nbsp;<br><strong>7&nbsp;&nbsp;Tage&nbsp;KKK &#8211; Genussreise, Bus&nbsp;&nbsp;&nbsp;&nbsp;&nbsp;<\/strong>&nbsp;&nbsp;&nbsp;&nbsp;&nbsp;&nbsp;&nbsp;&nbsp;&nbsp;&nbsp;&nbsp;&nbsp;<\/p>\n\n\n\n<p><strong>PL:&nbsp;&nbsp;&nbsp;&nbsp;&nbsp;&nbsp;Gartenreise nach POLEN<\/strong><br><strong>12.07.-18.07.2020<\/strong><br>Mitgliederreise f\u00fcr die&nbsp;<strong>Gesellschaft Deutscher Rosenfreunde e. V.<\/strong>nach Polen zu besonderen G\u00e4rten, historischen Schl\u00f6ssern und sehenswerten Kultursch\u00e4tzen. Breslau, Hirschberger Tal, Krakau, Warschau, Posen.&nbsp;<br><strong>7 Tage&nbsp;KKK &#8211; Gartenreise, Bus&nbsp;&nbsp;&nbsp;&nbsp;&nbsp;&nbsp;&nbsp;&nbsp;&nbsp;&nbsp;&nbsp;&nbsp;&nbsp;&nbsp;\u20ac&nbsp;&nbsp;1.180,-&nbsp;<\/strong>&nbsp;&nbsp;<\/p>\n\n\n\n<p class=\"has-text-align-left\"><strong>D:&nbsp;&nbsp;&nbsp;&nbsp;&nbsp;&nbsp;&nbsp;Gartentraum am BODENSEE<\/strong><br><strong>23.08.-27.08.2020<\/strong><br><strong>Landesgartenschau \u00dcberlingen 2020:<\/strong> Im Sp\u00e4tsommer zu den bl\u00fchenden G\u00e4rten der vielf\u00e4ltigen Kulturlandschaft am Bodensee. Kultur- und Genussreise f\u00fcr Gartenfreunde in Zusammenarbeit mit&nbsp;<strong>\u201eWohnen &amp; Garten\u201c<\/strong>. N\u00e4here Details und Buchung ab Erscheinungsdatum, Heft 3\/ 2020. \u00dcberlingen, Birnau, Mainau, Reichenau, Schloss Arenenberg, Schloss Salem.&nbsp;&nbsp;<br><strong>5 Tage&nbsp;&nbsp;KKK &#8211; Gartenreise,&nbsp;&nbsp;Bus&nbsp;<\/strong><\/p>\n\n\n\n<p><strong>I:&nbsp;&nbsp;&nbsp;&nbsp;&nbsp;&nbsp;&nbsp;&nbsp;&nbsp;FRIAUL und Triest&nbsp;&nbsp;<\/strong><br><strong>07.09. &#8211; 13.09.2020<\/strong>&nbsp;&nbsp;<br>Entdecken Sie die reiche Kulturlandschaft zwischen Alpen und Adria, ein Paradies f\u00fcr Kunstfreunde, Feinschmecker und Weinfreunde. Udine, Cividale del Friuli, San Daniele, Corm\u00f2ns, Aquileia, Grado, Triest mit&nbsp;Schloss Miramare und Schloss Duino.<br><strong>7 Tage&nbsp;&nbsp;KKK &#8211; Genussreise, Flug&nbsp;&nbsp;&nbsp;&nbsp;&nbsp;&nbsp;&nbsp;&nbsp;&nbsp;&nbsp;&nbsp;&nbsp;\u20ac&nbsp;&nbsp;1.835,-<\/strong><\/p>\n\n\n\n<p><strong>IRL:&nbsp;&nbsp;&nbsp;&nbsp;IRLAND \u2013 Europ\u00e4ische Kulturhauptstadt Galway&nbsp;&nbsp;&nbsp;&nbsp;&nbsp;&nbsp;&nbsp;&nbsp;&nbsp;&nbsp;&nbsp;&nbsp;&nbsp;&nbsp;&nbsp;&nbsp;&nbsp;&nbsp;&nbsp;&nbsp;&nbsp;&nbsp;&nbsp;&nbsp;&nbsp;&nbsp;&nbsp;&nbsp;&nbsp;&nbsp;&nbsp;<\/strong>&nbsp;&nbsp;&nbsp;&nbsp;&nbsp;&nbsp;&nbsp;&nbsp;&nbsp;&nbsp;&nbsp;&nbsp;&nbsp;&nbsp;&nbsp;&nbsp;&nbsp;&nbsp;&nbsp;&nbsp;&nbsp;&nbsp;&nbsp;&nbsp;&nbsp;&nbsp;&nbsp;&nbsp;&nbsp;&nbsp;&nbsp;&nbsp;&nbsp;&nbsp;&nbsp;<br><strong>21.09.-27.09.2020<\/strong> <br>Frische Natur, leuchtende Farben, vor- und fr\u00fchchristliche Kunst und Geschichte, die Facetten eines vielschichtigen, fr\u00f6hlichen Landes. Entdecken Sie G\u00e4rten, Gastronomie und Galway mit seinem ber\u00fchmten Austernfestival.&nbsp;Dublin, Galway, Killarney, Kilkenny.<br><strong>7 Tage&nbsp;KKK &#8211; Genussreise, Flug&nbsp;&nbsp;&nbsp;&nbsp;&nbsp;&nbsp;&nbsp;&nbsp;&nbsp;&nbsp;&nbsp;&nbsp;\u20ac 1.970,-<\/strong><\/p>\n\n\n\n<p><strong>E:&nbsp;&nbsp;&nbsp;&nbsp;&nbsp;&nbsp;&nbsp;&nbsp;BASKENLAND und RIOJA&nbsp;<\/strong><br><strong>06.10. &#8211; 11.10.2020<\/strong><br>Kulinarische und kulturelle Entdeckungsreise in die Provinzen Rioja, Navarra und Baskenland. Edle Rotweine und mittelalterliche K\u00f6nigsst\u00e4dte am Jacobs-Pilgerweg. Bilbao, Guggenheim Museum, San Sebasti\u00e1n, La Rioja Alavesa,&nbsp;Laguardia, Haro,&nbsp;Logro\u00f1o, Puente la Reina, Pamplona.<br><strong>6 Tage&nbsp;&nbsp;KKK &#8211; Genussreise, Flug&nbsp;&nbsp;&nbsp;&nbsp;&nbsp;&nbsp;&nbsp;&nbsp;&nbsp;&nbsp;&nbsp;&nbsp;\u20ac 1.765,-&nbsp;&nbsp;&nbsp;&nbsp;&nbsp;&nbsp;&nbsp;<\/strong><\/p>\n\n\n\n<p><strong>I:&nbsp;&nbsp;&nbsp;&nbsp;&nbsp;&nbsp;&nbsp;&nbsp;&nbsp;PIEMONT&nbsp;\u2013 Tr\u00fcffel und Wein&nbsp;<\/strong><br><strong>21.10. &#8211; 25.10.2020&nbsp;&nbsp;&nbsp;&nbsp;<\/strong><br>Herzensangelegenheit f\u00fcr Kenner: Genussreise f\u00fcr Weinfreunde und Feinschmecker durch das herbstliche H\u00fcgelland des Piemonts zur Tr\u00fcffelmesse nach Alba, in die Weinbauregionen des Barolo und Barbaresco sowie in die elegante Hauptstadt Turin.<strong>&nbsp;&nbsp;<\/strong><br><strong>5 Tage&nbsp;&nbsp;KKK &#8211; Genussreise, Flug&nbsp;&nbsp;&nbsp;&nbsp;&nbsp;&nbsp;&nbsp;&nbsp;&nbsp;&nbsp;&nbsp;&nbsp;&nbsp;&nbsp;\u20ac 1.590,-<\/strong><\/p>\n","protected":false},"excerpt":{"rendered":"<p>P:&nbsp;&nbsp;&nbsp;&nbsp;&nbsp;&nbsp;&nbsp;&nbsp;PORTUGAL &#8211; Herrenh\u00e4user und G\u00e4rten&nbsp;&nbsp;12.03. &#8211; 18.03.2020&nbsp;&nbsp;&nbsp;Fr\u00fchjahrsauftakt zur Kamelienbl\u00fcte: Entdecken Sie den l\u00e4ndlichen Charme im Norden Portugals und lassen Sie sich begeistern von kulturellen Sch\u00e4tzen, Perlen der Gartenkunst und noblen Herrenh\u00e4usern. Exklusive Leserreise in Zusammenarbeit mit&nbsp;\u201eWohnen &amp; Garten\u201c. Porto, Guimar\u00e3es, Minhogebiet, Dourotal.&nbsp;7 Tage&nbsp;&nbsp;KKK &#8211; Gartenreise, Flug&nbsp;&nbsp;&nbsp;&nbsp;&nbsp;&nbsp;&nbsp;&nbsp;&nbsp;&nbsp;&nbsp;&nbsp;&nbsp;\u20ac&nbsp;2.255,- F:&nbsp;&nbsp;&nbsp;&nbsp;&nbsp;&nbsp;&nbsp;&nbsp;C\u00d4TE D\u2019AZUR \u2013 Traumg\u00e4rten an der blauen K\u00fcste&nbsp;01.05.-07.05.2020&nbsp;&nbsp;&nbsp;&nbsp;Genie\u00dfen Sie &hellip; <a href=\"https:\/\/ruge-reisen-hamburg.de\/?page_id=434\" class=\"more-link\"><span class=\"screen-reader-text\">\u201eDownload Programm 2020\u201c <\/span>weiterlesen<\/a><\/p>\n","protected":false},"author":1,"featured_media":0,"parent":0,"menu_order":0,"comment_status":"closed","ping_status":"closed","template":"","meta":{"footnotes":""},"class_list":["post-434","page","type-page","status-publish","hentry"],"_links":{"self":[{"href":"https:\/\/ruge-reisen-hamburg.de\/index.php?rest_route=\/wp\/v2\/pages\/434","targetHints":{"allow":["GET"]}}],"collection":[{"href":"https:\/\/ruge-reisen-hamburg.de\/index.php?rest_route=\/wp\/v2\/pages"}],"about":[{"href":"https:\/\/ruge-reisen-hamburg.de\/index.php?rest_route=\/wp\/v2\/types\/page"}],"author":[{"embeddable":true,"href":"https:\/\/ruge-reisen-hamburg.de\/index.php?rest_route=\/wp\/v2\/users\/1"}],"replies":[{"embeddable":true,"href":"https:\/\/ruge-reisen-hamburg.de\/index.php?rest_route=%2Fwp%2Fv2%2Fcomments&post=434"}],"version-history":[{"count":13,"href":"https:\/\/ruge-reisen-hamburg.de\/index.php?rest_route=\/wp\/v2\/pages\/434\/revisions"}],"predecessor-version":[{"id":454,"href":"https:\/\/ruge-reisen-hamburg.de\/index.php?rest_route=\/wp\/v2\/pages\/434\/revisions\/454"}],"wp:attachment":[{"href":"https:\/\/ruge-reisen-hamburg.de\/index.php?rest_route=%2Fwp%2Fv2%2Fmedia&parent=434"}],"curies":[{"name":"wp","href":"https:\/\/api.w.org\/{rel}","templated":true}]}}