{"id":349,"date":"2019-03-18T15:46:54","date_gmt":"2019-03-18T15:46:54","guid":{"rendered":"http:\/\/ruge-reisen-hamburg.de\/?page_id=349"},"modified":"2022-02-20T15:09:51","modified_gmt":"2022-02-20T15:09:51","slug":"wir-ueber-uns","status":"publish","type":"page","link":"https:\/\/ruge-reisen-hamburg.de\/?page_id=349","title":{"rendered":"\u00dcber uns"},"content":{"rendered":"\n<div class=\"wp-block-columns has-2-columns is-layout-flex wp-container-core-columns-is-layout-9d6595d7 wp-block-columns-is-layout-flex\">\n<div class=\"wp-block-column is-layout-flow wp-block-column-is-layout-flow\">\n<p>Sich sch\u00f6nen Dingen zu n\u00e4hern, sie zu erkennen, verstehen und zu genie\u00dfen, diesem Ziel f\u00fchlt sich RUGE REISEN verpflichtet.&nbsp;<br><br>Deshalb versuchen wir mit kleinen Gruppen, ganz individuell auf gehobenem Niveau, einen sanften Tourismus zu f\u00f6rdern.&nbsp;<br><br>Unsere wenigen, sorgf\u00e4ltig vorbereiteten Entdeckungsreisen in die sch\u00f6nsten<br>Kulturlandschaften, besonders die Weinbauregionen, verdeutlichen die Wechselbeziehungen zwischen Kunst und Geschichte, Weinbau und Esskultur.&nbsp;<\/p>\n<\/div>\n\n\n\n<div class=\"wp-block-column is-layout-flow wp-block-column-is-layout-flow\">\n<p>Genie\u00dfen Sie Ihre kostbare Freizeit bei unseren besonderen Kultur-, Wein- und Gartenreisen unter dem Motto:<br><br><strong>K\u00dcCHE    KELLER    KULTUR<\/strong><br><br>Es ist mir seit nunmehr 25 Jahren eine gro\u00dfe Freude, Sie auf diesen Reisen begleiten zu d\u00fcrfen und auch meine Erfahrungen als Kunsthistorikerin in die Arbeit einflie\u00dfen zu lassen.\u00a0<br><br>Ich w\u00fcrde mich freuen, wenn ich Ihr Interesse geweckt habe. Reisen Sie doch einfach einmal mit und erleben Sie etwas Besonderes!<\/p>\n\n\n\n<p><br>Sie sind herzlich willkommen&#8230;<br><br>Ihre Konstanze Ruge&nbsp;<\/p>\n<\/div>\n<\/div>\n","protected":false},"excerpt":{"rendered":"<p>Sich sch\u00f6nen Dingen zu n\u00e4hern, sie zu erkennen, verstehen und zu genie\u00dfen, diesem Ziel f\u00fchlt sich RUGE REISEN verpflichtet.&nbsp; Deshalb versuchen wir mit kleinen Gruppen, ganz individuell auf gehobenem Niveau, einen sanften Tourismus zu f\u00f6rdern.&nbsp; Unsere wenigen, sorgf\u00e4ltig vorbereiteten Entdeckungsreisen in die sch\u00f6nstenKulturlandschaften, besonders die Weinbauregionen, verdeutlichen die Wechselbeziehungen zwischen Kunst und Geschichte, Weinbau und &hellip; <a href=\"https:\/\/ruge-reisen-hamburg.de\/?page_id=349\" class=\"more-link\"><span class=\"screen-reader-text\">\u201e\u00dcber uns\u201c <\/span>weiterlesen<\/a><\/p>\n","protected":false},"author":1,"featured_media":0,"parent":0,"menu_order":0,"comment_status":"closed","ping_status":"closed","template":"","meta":{"footnotes":""},"class_list":["post-349","page","type-page","status-publish","hentry"],"_links":{"self":[{"href":"https:\/\/ruge-reisen-hamburg.de\/index.php?rest_route=\/wp\/v2\/pages\/349","targetHints":{"allow":["GET"]}}],"collection":[{"href":"https:\/\/ruge-reisen-hamburg.de\/index.php?rest_route=\/wp\/v2\/pages"}],"about":[{"href":"https:\/\/ruge-reisen-hamburg.de\/index.php?rest_route=\/wp\/v2\/types\/page"}],"author":[{"embeddable":true,"href":"https:\/\/ruge-reisen-hamburg.de\/index.php?rest_route=\/wp\/v2\/users\/1"}],"replies":[{"embeddable":true,"href":"https:\/\/ruge-reisen-hamburg.de\/index.php?rest_route=%2Fwp%2Fv2%2Fcomments&post=349"}],"version-history":[{"count":8,"href":"https:\/\/ruge-reisen-hamburg.de\/index.php?rest_route=\/wp\/v2\/pages\/349\/revisions"}],"predecessor-version":[{"id":598,"href":"https:\/\/ruge-reisen-hamburg.de\/index.php?rest_route=\/wp\/v2\/pages\/349\/revisions\/598"}],"wp:attachment":[{"href":"https:\/\/ruge-reisen-hamburg.de\/index.php?rest_route=%2Fwp%2Fv2%2Fmedia&parent=349"}],"curies":[{"name":"wp","href":"https:\/\/api.w.org\/{rel}","templated":true}]}}