{"id":23,"date":"2019-01-11T18:55:58","date_gmt":"2019-01-11T18:55:58","guid":{"rendered":"http:\/\/ruge-reisen-hamburg.de\/?page_id=23"},"modified":"2019-03-18T19:55:11","modified_gmt":"2019-03-18T19:55:11","slug":"impressum","status":"publish","type":"page","link":"https:\/\/ruge-reisen-hamburg.de\/?page_id=23","title":{"rendered":"Impressum"},"content":{"rendered":"\n<p><strong>F\u00fcr den Inhalt verantwortlich:<\/strong><\/p>\n\n\n\n<p>Konstanze Ruge<br>Isestra\u00dfe 21<br>20144 Hamburg<br>Tel. 040 42 93 63 66<br>Fax 040 42 93 63 67<br>E-Mail: info@ruge-reisen.de<br>Web: www.ruge-reisen.de<br><br>USt-IdNr.: DE 190955858<br><br><strong>Haftungshinweis:<\/strong><br>Die Bildrechte liegen bei Konstanze Ruge. F\u00fcr die Inhalte der Website ist ausschlie\u00dflich der Inhaber der Domain RUGE REISEN verantwortlich.<\/p>\n\n\n\n<p>Rechtliche Hinweise: Die Inhalte und Struktur sind urheberrechtlich gesch\u00fctzt (\u00a72 UrhG), jegliches unerlaubtes Vervielf\u00e4ltigen, Verbreiten und \u00f6ffentliches Verwenden in irgendeiner Form ist somit untersagt. Die Vervielf\u00e4ltigung von Informationen oder Daten, insbesondere die Verwendung von Bildmaterial, Texten oder Textteilen bedarf der ausdr\u00fccklichen vorherigen Zustimmung von RUGE REISEN.<\/p>\n\n\n\n<p>Haftungsausschluss f\u00fcr abrufbare Inhalte: RUGE REISEN \u00fcbernimmt keine Gew\u00e4hrleistung oder Haftung f\u00fcr die Richtigkeit und Vollst\u00e4ndigkeit des Inhalts der angezeigten Seiten bzw. deren Funktionst\u00fcchtigkeit.<\/p>\n\n\n\n<p>Haftung f\u00fcr Links: Wir m\u00f6chten ausdr\u00fccklich betonen, dass wir keinerlei Einfluss auf die Gestaltung und die Inhalte der gelinkten Seiten haben. Deshalb distanzieren wir uns hiermit ausdr\u00fccklich von allen Inhalten aller gelinkter Seiten inkl. aller Unterseiten. Diese Erkl\u00e4rung gilt f\u00fcr alle auf unseren angebrachten Links und f\u00fcr alle Inhalte der Seiten, zu denen Links oder Banner f\u00fchren. Es werden keine Links auf Personen oder Firmen gesetzt, deren Web-Seiten Inhalte enthalten, die moralisch nicht einwandfrei, jugendgef\u00e4hrdend, rassistischen Inhalts o. \u00e4. sind. Die Verantwortung f\u00fcr deren Inhalt der Seiten liegt ausschlie\u00dflich beim Inhaber der jeweiligen Domain.<\/p>\n\n\n\n<p><br><\/p>\n","protected":false},"excerpt":{"rendered":"<p>F\u00fcr den Inhalt verantwortlich: Konstanze RugeIsestra\u00dfe 2120144 HamburgTel. 040 42 93 63 66Fax 040 42 93 63 67E-Mail: info@ruge-reisen.deWeb: www.ruge-reisen.de USt-IdNr.: DE 190955858 Haftungshinweis:Die Bildrechte liegen bei Konstanze Ruge. F\u00fcr die Inhalte der Website ist ausschlie\u00dflich der Inhaber der Domain RUGE REISEN verantwortlich. Rechtliche Hinweise: Die Inhalte und Struktur sind urheberrechtlich gesch\u00fctzt (\u00a72 UrhG), jegliches &hellip; <a href=\"https:\/\/ruge-reisen-hamburg.de\/?page_id=23\" class=\"more-link\"><span class=\"screen-reader-text\">\u201eImpressum\u201c <\/span>weiterlesen<\/a><\/p>\n","protected":false},"author":1,"featured_media":0,"parent":0,"menu_order":0,"comment_status":"closed","ping_status":"closed","template":"","meta":{"footnotes":""},"class_list":["post-23","page","type-page","status-publish","hentry"],"_links":{"self":[{"href":"https:\/\/ruge-reisen-hamburg.de\/index.php?rest_route=\/wp\/v2\/pages\/23","targetHints":{"allow":["GET"]}}],"collection":[{"href":"https:\/\/ruge-reisen-hamburg.de\/index.php?rest_route=\/wp\/v2\/pages"}],"about":[{"href":"https:\/\/ruge-reisen-hamburg.de\/index.php?rest_route=\/wp\/v2\/types\/page"}],"author":[{"embeddable":true,"href":"https:\/\/ruge-reisen-hamburg.de\/index.php?rest_route=\/wp\/v2\/users\/1"}],"replies":[{"embeddable":true,"href":"https:\/\/ruge-reisen-hamburg.de\/index.php?rest_route=%2Fwp%2Fv2%2Fcomments&post=23"}],"version-history":[{"count":3,"href":"https:\/\/ruge-reisen-hamburg.de\/index.php?rest_route=\/wp\/v2\/pages\/23\/revisions"}],"predecessor-version":[{"id":371,"href":"https:\/\/ruge-reisen-hamburg.de\/index.php?rest_route=\/wp\/v2\/pages\/23\/revisions\/371"}],"wp:attachment":[{"href":"https:\/\/ruge-reisen-hamburg.de\/index.php?rest_route=%2Fwp%2Fv2%2Fmedia&parent=23"}],"curies":[{"name":"wp","href":"https:\/\/api.w.org\/{rel}","templated":true}]}}