{"id":17,"date":"2019-01-11T18:55:38","date_gmt":"2019-01-11T18:55:38","guid":{"rendered":"http:\/\/ruge-reisen-hamburg.de\/?page_id=17"},"modified":"2022-02-20T15:07:24","modified_gmt":"2022-02-20T15:07:24","slug":"anmeldung","status":"publish","type":"page","link":"https:\/\/ruge-reisen-hamburg.de\/?page_id=17","title":{"rendered":"Buchen"},"content":{"rendered":"\n<p>F\u00fcr jede angebotene Reise erhalten Sie auf Anfrage ein detailliertes Reiseprogramm, aus dem Art und Umfang der Leistungen und der Reisepreis hervorgehen.<\/p>\n\n\n\n<p>Das Zustandekommen einer Reise ist von der jeweils genannten Mindestteilnehmerzahl abh\u00e4ngig. Mit Ihrer Anmeldung und Ihrer Unterschrift bieten Sie uns den Abschluss eines Reisevertrags an und erkennen die Reise-, Zahlungs- und R\u00fccktrittsbedingungen von RUGE REISEN f\u00fcr die aufgef\u00fchrten Teilnehmer verbindlich an.<\/p>\n\n\n\n<p>Die Anmeldung muss schriftlich auf einem Anmeldeformular vorgenommen werden. Sie erfolgt mit der Unterschrift des Anmelders f\u00fcr alle in der Anmeldung mitaufgef\u00fchrten Teilnehmer, f\u00fcr deren Vertragspflicht der Anmelder wie f\u00fcr seine eigene Vertragspflicht haftet. Der Vertrag ist erst verbindlich, wenn RUGE REISEN die Buchung best\u00e4tigt.&nbsp;<\/p>\n\n\n\n<p>Mit der schriftlichen Best\u00e4tigung der Buchung und der Zusendung des Reisepreis-Sicherungsscheines durch RUGE REISEN, wird die im detaillierten Reiseprogramm angegebene Anzahlung f\u00e4llig. Der Restbetrag soll bis sp\u00e4testens 30 Tage vor Reisebeginn eingezahlt sein. Sollte Ihre Anmeldung nicht mehr ber\u00fccksichtigt werden k\u00f6nnen, werden die eingezahlten Summen sofort zur\u00fcckerstattet.&nbsp;<\/p>\n\n\n\n<hr class=\"wp-block-separator\"\/>\n\n\n\n<p><\/p>\n\n\n\n<p><strong>Anmeldeformular<\/strong><br>Hier haben Sie die M\u00f6glichkeit unseres&nbsp;<strong>Anmeldeformular<\/strong>&nbsp;als PDF-Dokument anzuzeigen bzw. auszudrucken:<\/p>\n\n\n\n<div class=\"wp-block-file\"><a id=\"wp-block-file--media-962ae2e0-3ab0-4acb-b55b-c029cfb29547\" href=\"http:\/\/ruge-reisen-hamburg.de\/wp-content\/uploads\/2019\/03\/RUGE_REISEN_ANMELDUNG.pdf\">RUGE_REISEN_ANMELDUNG<\/a><a href=\"http:\/\/ruge-reisen-hamburg.de\/wp-content\/uploads\/2019\/03\/RUGE_REISEN_ANMELDUNG.pdf\" class=\"wp-block-file__button\" download aria-describedby=\"wp-block-file--media-962ae2e0-3ab0-4acb-b55b-c029cfb29547\">Herunterladen<\/a><\/div>\n\n\n\n<p><\/p>\n\n\n\n<p><strong>Datenschutzerkl\u00e4rung<\/strong><br>Bitte lesen und unterschreiben Sie zur Anmeldung auch das Formular Datenschutzerkl\u00e4rung. Damit wird Ihre Anmeldung g\u00fcltig:<\/p>\n\n\n\n<div class=\"wp-block-file\"><a id=\"wp-block-file--media-1763d620-e203-4b5d-9c2c-1b9758d4d99a\" href=\"http:\/\/ruge-reisen-hamburg.de\/wp-content\/uploads\/2019\/03\/RUGE_REISEN_DATENSCHUTZ.pdf\">RUGE_REISEN_DATENSCHUTZ<\/a><a href=\"http:\/\/ruge-reisen-hamburg.de\/wp-content\/uploads\/2019\/03\/RUGE_REISEN_DATENSCHUTZ.pdf\" class=\"wp-block-file__button\" download aria-describedby=\"wp-block-file--media-1763d620-e203-4b5d-9c2c-1b9758d4d99a\">Herunterladen<\/a><\/div>\n\n\n\n<p><br><strong>AGB &#8211; Allgemeine Reisebdingungen<\/strong><br>Hier haben Sie die M\u00f6glichkeit unsere&nbsp;<strong>Allgemeinen Reisebedingungen<\/strong>&nbsp;als PDF-Dokument anzuzeigen bzw. auszudrucken:<\/p>\n\n\n\n<div class=\"wp-block-file\"><a id=\"wp-block-file--media-63819dd2-a662-4701-8d25-6dafab88f16b\" href=\"http:\/\/ruge-reisen-hamburg.de\/wp-content\/uploads\/2019\/03\/RUGE_REISEN_AGB.pdf\">RUGE_REISEN_AGB<\/a><a href=\"http:\/\/ruge-reisen-hamburg.de\/wp-content\/uploads\/2019\/03\/RUGE_REISEN_AGB.pdf\" class=\"wp-block-file__button\" download aria-describedby=\"wp-block-file--media-63819dd2-a662-4701-8d25-6dafab88f16b\">Herunterladen<\/a><\/div>\n\n\n\n<p><\/p>\n\n\n\n<hr class=\"wp-block-separator\"\/>\n\n\n\n<p><strong>Bankverbindungen Ruge Reisen<\/strong><\/p>\n\n\n\n<p><strong>Deutsche Bank Baden-Baden<\/strong><br>(BLZ: 662 700 01)<br>Konto Nr. : 0 189 282 00<br>IBAN: DE17 6627 0001 0018 9282 00<br>BIC: DEUTDESM662<\/p>\n\n\n\n<p><strong>Hamburger Sparkasse<\/strong><br>(BLZ: 200 505 50)<br>Konto Nr. : 12 36 12 18 26<br>IBAN: DE45 2005 0550 1236 1218 26<br>BIC: HASPDEHHXXX<\/p>\n\n\n\n<hr class=\"wp-block-separator\"\/>\n\n\n\n<p><strong>Reiseversicherung<\/strong><\/p>\n\n\n\n<p>Hier haben Sie die M\u00f6glichkeit, eine gew\u00fcnschte Reiseversicherung bei unserem Partner, der <strong>ERGO Reiseversicherung AG<\/strong> zu buchen. Als Reiseveranstalter sind wir laut der bestehenden Reiserechtrichtlinien verpflichtet, Sie auf den Abschluss einer geeigneten Reiseversicherung hinzuweisen (RRV+RKV). Gerne beraten wir Sie auch pers\u00f6nlich. Gerade in Zeiten wie diesen ist ein optimaler Reiseschutz wichtig. Bitte beachten Sie die Angebote der\u00a0<strong>ERGO Reiseversicherung AG<\/strong>, die im Rahmen einer <strong>Reiser\u00fccktrittsversicherung<\/strong> auch einen <strong>Erg\u00e4nzungs-Schutz Covid-19<\/strong> anbietet.<\/p>\n\n\n\n<p><a rel=\"noreferrer noopener\" href=\"https:\/\/www.reiseversicherung.de\/vrv\/partner\/ep-Assistent.html?\/data\/agent\/hagtnr=074247&amp;\/data\/agent\/nagtnr=000000\" target=\"_blank\"><strong>Reiser\u00fccktrittsversicherung<\/strong><\/a><\/p>\n\n\n\n<p><a rel=\"noreferrer noopener\" href=\"https:\/\/www.reiseversicherung.de\/baRuntime\/start?agency=074247000000&amp;ba=jv-std\" target=\"_blank\"><strong>Jahresversicherung<\/strong><\/a><\/p>\n","protected":false},"excerpt":{"rendered":"<p>F\u00fcr jede angebotene Reise erhalten Sie auf Anfrage ein detailliertes Reiseprogramm, aus dem Art und Umfang der Leistungen und der Reisepreis hervorgehen. Das Zustandekommen einer Reise ist von der jeweils genannten Mindestteilnehmerzahl abh\u00e4ngig. Mit Ihrer Anmeldung und Ihrer Unterschrift bieten Sie uns den Abschluss eines Reisevertrags an und erkennen die Reise-, Zahlungs- und R\u00fccktrittsbedingungen von &hellip; <a href=\"https:\/\/ruge-reisen-hamburg.de\/?page_id=17\" class=\"more-link\"><span class=\"screen-reader-text\">\u201eBuchen\u201c <\/span>weiterlesen<\/a><\/p>\n","protected":false},"author":1,"featured_media":0,"parent":0,"menu_order":0,"comment_status":"closed","ping_status":"closed","template":"","meta":{"footnotes":""},"class_list":["post-17","page","type-page","status-publish","hentry"],"_links":{"self":[{"href":"https:\/\/ruge-reisen-hamburg.de\/index.php?rest_route=\/wp\/v2\/pages\/17","targetHints":{"allow":["GET"]}}],"collection":[{"href":"https:\/\/ruge-reisen-hamburg.de\/index.php?rest_route=\/wp\/v2\/pages"}],"about":[{"href":"https:\/\/ruge-reisen-hamburg.de\/index.php?rest_route=\/wp\/v2\/types\/page"}],"author":[{"embeddable":true,"href":"https:\/\/ruge-reisen-hamburg.de\/index.php?rest_route=\/wp\/v2\/users\/1"}],"replies":[{"embeddable":true,"href":"https:\/\/ruge-reisen-hamburg.de\/index.php?rest_route=%2Fwp%2Fv2%2Fcomments&post=17"}],"version-history":[{"count":12,"href":"https:\/\/ruge-reisen-hamburg.de\/index.php?rest_route=\/wp\/v2\/pages\/17\/revisions"}],"predecessor-version":[{"id":596,"href":"https:\/\/ruge-reisen-hamburg.de\/index.php?rest_route=\/wp\/v2\/pages\/17\/revisions\/596"}],"wp:attachment":[{"href":"https:\/\/ruge-reisen-hamburg.de\/index.php?rest_route=%2Fwp%2Fv2%2Fmedia&parent=17"}],"curies":[{"name":"wp","href":"https:\/\/api.w.org\/{rel}","templated":true}]}}