{"id":15,"date":"2019-01-11T18:56:31","date_gmt":"2019-01-11T18:56:31","guid":{"rendered":"http:\/\/ruge-reisen-hamburg.de\/?page_id=15"},"modified":"2022-02-20T21:55:18","modified_gmt":"2022-02-20T21:55:18","slug":"nuetzliche-links","status":"publish","type":"page","link":"https:\/\/ruge-reisen-hamburg.de\/?page_id=15","title":{"rendered":"N\u00fctzliche Links"},"content":{"rendered":"\n<p>Einige unserer Busreisen beginnen in Frankfurt oder Baden-Baden. Gerne beraten wir Sie pers\u00f6nlich bei Fragen zu Ihrer An- und Abreise und geben weiterf\u00fchrende Informationen und Tipps. F\u00fcr allgemeine Informationen zu diesen St\u00e4dten informieren Sie sich bitte im Internet unter:&nbsp;<\/p>\n\n\n\n<p><a href=\"http:\/\/www.frankfurt-tourismus.de\/\" target=\"_blank\" rel=\"noreferrer noopener\"><strong>www.frankfurt-tourismus.de<\/strong><\/a>&nbsp;oder&nbsp;<a href=\"http:\/\/www.baden-baden.de\/\" target=\"_blank\" rel=\"noreferrer noopener\"><strong>www.baden-baden.de<\/strong><\/a><\/p>\n\n\n\n<p>Hier finden Sie Antworten auf weiterf\u00fchrende Fragen:<\/p>\n\n\n\n<figure class=\"wp-block-table alignleft is-style-regular\"><table><tbody><tr><td>Reisen in Zeiten von Corona: Zur aktuellen Lage in Deutschland und den einzelnen Reisel\u00e4ndern empfehlen wir Ihnen, sich \u00fcber die Entwicklungen und Bestimmungen umfassend vor Reisebeginn zu informieren. Bitte beachten Sie, dass RUGE REISEN keine Haftung f\u00fcr die \u00dcbermittlung aller Informationen rund um das Thema Corona \u00fcbernehmen kann.<br><\/td><\/tr><tr><td>Hier finden Sie wichtige und aktuelle Informationen zum Thema Sicheres Reisen in Deutschland und den einzelnen Reisel\u00e4ndern mit weiteren Angaben zu geltenden Einreisebestimmungen und Sicherheitshinweisen.<br><a rel=\"noreferrer noopener\" href=\"https:\/\/www.auswaertiges-amt.de\/de\/ReiseUndSicherheit\" target=\"_blank\">www.auswaertiges-amt.de\/de\/ReiseUndSicherheit<\/a><br><\/td><\/tr><tr><td>Bitte informieren Sie sich zum Thema Gesundheit und den aktuellen Bestimmungen auch auf folgenden Seiten.<br><a rel=\"noreferrer noopener\" href=\"https:\/\/www.rki.de\" target=\"_blank\">www.rki.de<\/a><br><a rel=\"noreferrer noopener\" href=\"https:\/\/www.bundesgesundheitsministerium.de\/coronavirus.html\" target=\"_blank\">www.bundesgesundheitsministerium.de\/coronavirus.html<\/a><br><a rel=\"noreferrer noopener\" href=\"http:\/\/www.fit-for-travel.de\/\" target=\"_blank\">www.fit-for-travel.de<\/a><br><\/td><\/tr><tr><td>Reiseauskunft der Bahn<br><a rel=\"noreferrer noopener\" href=\"http:\/\/www.bahn.de\/\" target=\"_blank\">www.bahn.de<\/a><br><\/td><\/tr><tr><td>Deutsche Lufthansa\u00a0<br><a rel=\"noreferrer noopener\" href=\"http:\/\/www.lufthansa.de\/\" target=\"_blank\">www.lufthansa.de<\/a><br><\/td><\/tr><tr><td>Flughafen Frankfurt (FRA)\u00a0<br><a rel=\"noreferrer noopener\" href=\"http:\/\/www.frankfurt-airport.de\/\" target=\"_blank\">www.frankfurt-airport.de<\/a><br><\/td><\/tr><tr><td>Flughafen Berlin Brandenburg (BER)\u00a0<br><a rel=\"noreferrer noopener\" href=\"http:\/\/www.berlin-airport.de\/\" target=\"_blank\">www.berlin-airport.de<\/a><br><\/td><\/tr><tr><td>Flughafen Bremen (BRE)<br><a rel=\"noreferrer noopener\" href=\"http:\/\/www.airport-bremen.de\/\" target=\"_blank\">www.airport-bremen.de<\/a><br><\/td><\/tr><tr><td>Flughafen D\u00fcsseldorf (DUS).<br><a rel=\"noreferrer noopener\" href=\"http:\/\/www.duesseldorf-international.de\/\" target=\"_blank\">www.duesseldorf-international.de<\/a><br><\/td><\/tr><tr><td>Flughafen Dresden (DRS)<br><a rel=\"noreferrer noopener\" href=\"http:\/\/www.mdf-ag.com\" data-type=\"URL\" data-id=\"www.mdf-ag.com\" target=\"_blank\">www.mdf-ag.com<\/a><br><\/td><\/tr><tr><td>Flughafen Erfurt-Weimar (ERF)<br><a href=\"http:\/\/www.flughafen-erfurt-weimar.de\" data-type=\"URL\" data-id=\"www.flughafen-erfurt-weimar.de\" target=\"_blank\" rel=\"noreferrer noopener\">www.flughafen-erfurt-weimar.de<\/a><br><\/td><\/tr><tr><td>Flughafen Hamburg (HAM)\u00a0<br><a rel=\"noreferrer noopener\" href=\"http:\/\/www.hamburg-airport.de\/\" target=\"_blank\">www.hamburg-airport.de<\/a><br><\/td><\/tr><tr><td>Flughafen Hannover (HAJ)\u00a0<br><a rel=\"noreferrer noopener\" href=\"http:\/\/www.hannover-airport.de\/\" target=\"_blank\">www.hannover-airport.de<\/a><br><\/td><\/tr><tr><td>Flughafen Karlsruhe \/ Baden-Baden (FKB)<br><a rel=\"noreferrer noopener\" href=\"http:\/\/www.badenairpark.de\/\" target=\"_blank\">www.badenairpark.de<\/a><br><\/td><\/tr><tr><td>Flughafen K\u00f6ln-Bonn (CGN)<br><a rel=\"noreferrer noopener\" href=\"https:\/\/www.koeln-bonn-airport.de\" target=\"_blank\">www.koeln-bonn-airport.de<\/a><br><\/td><\/tr><tr><td>Flughafen Leipzig-Halle (LEJ)<br><a href=\"http:\/\/www.mdf-ag.com\" data-type=\"URL\" data-id=\"www.mdf-ag.com\" target=\"_blank\" rel=\"noreferrer noopener\">www.mdf-ag.com<\/a><br><\/td><\/tr><tr><td>Flughafen M\u00fcnchen (MUC)\u00a0<br><a rel=\"noreferrer noopener\" href=\"http:\/\/www.munich-airport.de\/\" target=\"_blank\">www.munich-airport.de<\/a><br><\/td><\/tr><tr><td>Flughafen M\u00fcnster \/ Osnabr\u00fcck (FMO)\u00a0<br><a rel=\"noreferrer noopener\" href=\"http:\/\/www.flughafen-fmo.de\/\" target=\"_blank\">www.flughafen-fmo.de<\/a><br><\/td><\/tr><tr><td>Flughafen N\u00fcrnberg (NUE)\u00a0<br><a rel=\"noreferrer noopener\" href=\"http:\/\/www.flughafen-nuernberg.de\/\" target=\"_blank\">www.flughafen-nuernberg.de<\/a><br><\/td><\/tr><tr><td>Flughafen Saarbr\u00fccken (SCN)<br><a href=\"https:\/\/www.flughafen-saarbruecken.de\" target=\"_blank\" rel=\"noreferrer noopener\">www.flughafen-saarbruecken.de<\/a><br><\/td><\/tr><tr><td>Flughafen Stuttgart (STR)\u00a0<br><a rel=\"noreferrer noopener\" href=\"http:\/\/www.flughafen-stuttgart.de\/\" target=\"_blank\">www.flughafen-stuttgart.de<\/a><br><\/td><\/tr><\/tbody><\/table><\/figure>\n","protected":false},"excerpt":{"rendered":"<p>Einige unserer Busreisen beginnen in Frankfurt oder Baden-Baden. Gerne beraten wir Sie pers\u00f6nlich bei Fragen zu Ihrer An- und Abreise und geben weiterf\u00fchrende Informationen und Tipps. F\u00fcr allgemeine Informationen zu diesen St\u00e4dten informieren Sie sich bitte im Internet unter:&nbsp; www.frankfurt-tourismus.de&nbsp;oder&nbsp;www.baden-baden.de Hier finden Sie Antworten auf weiterf\u00fchrende Fragen: Reisen in Zeiten von Corona: Zur aktuellen Lage &hellip; <a href=\"https:\/\/ruge-reisen-hamburg.de\/?page_id=15\" class=\"more-link\"><span class=\"screen-reader-text\">\u201eN\u00fctzliche Links\u201c <\/span>weiterlesen<\/a><\/p>\n","protected":false},"author":1,"featured_media":0,"parent":0,"menu_order":0,"comment_status":"closed","ping_status":"closed","template":"","meta":{"footnotes":""},"class_list":["post-15","page","type-page","status-publish","hentry"],"_links":{"self":[{"href":"https:\/\/ruge-reisen-hamburg.de\/index.php?rest_route=\/wp\/v2\/pages\/15","targetHints":{"allow":["GET"]}}],"collection":[{"href":"https:\/\/ruge-reisen-hamburg.de\/index.php?rest_route=\/wp\/v2\/pages"}],"about":[{"href":"https:\/\/ruge-reisen-hamburg.de\/index.php?rest_route=\/wp\/v2\/types\/page"}],"author":[{"embeddable":true,"href":"https:\/\/ruge-reisen-hamburg.de\/index.php?rest_route=\/wp\/v2\/users\/1"}],"replies":[{"embeddable":true,"href":"https:\/\/ruge-reisen-hamburg.de\/index.php?rest_route=%2Fwp%2Fv2%2Fcomments&post=15"}],"version-history":[{"count":13,"href":"https:\/\/ruge-reisen-hamburg.de\/index.php?rest_route=\/wp\/v2\/pages\/15\/revisions"}],"predecessor-version":[{"id":603,"href":"https:\/\/ruge-reisen-hamburg.de\/index.php?rest_route=\/wp\/v2\/pages\/15\/revisions\/603"}],"wp:attachment":[{"href":"https:\/\/ruge-reisen-hamburg.de\/index.php?rest_route=%2Fwp%2Fv2%2Fmedia&parent=15"}],"curies":[{"name":"wp","href":"https:\/\/api.w.org\/{rel}","templated":true}]}}