{"id":13,"date":"2019-01-11T18:56:20","date_gmt":"2019-01-11T18:56:20","guid":{"rendered":"http:\/\/ruge-reisen-hamburg.de\/?page_id=13"},"modified":"2019-03-18T19:49:33","modified_gmt":"2019-03-18T19:49:33","slug":"leistungen","status":"publish","type":"page","link":"https:\/\/ruge-reisen-hamburg.de\/?page_id=13","title":{"rendered":"Wissenswertes"},"content":{"rendered":"\n<ul class=\"wp-block-list\"><li>Busreisen in komfortablen Reisebussen<\/li><li>Flugreisen mit Linienfl\u00fcgen<\/li><li>Beste Hotels in ausgew\u00e4hlter Lage<\/li><li>Gehobene Zimmerqualit\u00e4t mit\u00a0Bad, Dusche und WC<\/li><li>Halbpension oder Vollpension<\/li><li>Eintritte, kulturelle Rahmenveranstaltungen<\/li><li>Regionale\u00a0Spezialit\u00e4tenessen, teils in Sternerestaurants<\/li><li>Weinproben<\/li><li>exklusive Empf\u00e4nge<\/li><li>Besichtigungen und fachkundige F\u00fchrungen<\/li><li>Reiseleitung und Betreuung w\u00e4hrend der\u00a0gesamten Reise<\/li><li>Reisepreis-Sicherungsschein.<\/li><li>Alle Leistungen sind in unseren Inklusivpreisen\u00a0enthalten.\u00a0Diese entnehmen Sie bitte unseren\u00a0detaillierten Reiseprogrammen.<\/li><li>Auf Wunsch planen wir f\u00fcr Sie gerne Ihre spezielle Gruppenreise.<\/li><li>Auskunft und Programme:\u00a0Detaillierte Programme der Reisen senden wir\u00a0Ihnen gerne auf schriftliche oder telefonische\u00a0Anfrage zu.<\/li><li>FITNESS \u2013 Es ist eine Grundkondition an Fitness und Beweglichkeit erforderlich<\/li><\/ul>\n\n\n\n<p><br><\/p>\n","protected":false},"excerpt":{"rendered":"<p>Busreisen in komfortablen Reisebussen Flugreisen mit Linienfl\u00fcgen Beste Hotels in ausgew\u00e4hlter Lage Gehobene Zimmerqualit\u00e4t mit\u00a0Bad, Dusche und WC Halbpension oder Vollpension Eintritte, kulturelle Rahmenveranstaltungen Regionale\u00a0Spezialit\u00e4tenessen, teils in Sternerestaurants Weinproben exklusive Empf\u00e4nge Besichtigungen und fachkundige F\u00fchrungen Reiseleitung und Betreuung w\u00e4hrend der\u00a0gesamten Reise Reisepreis-Sicherungsschein. Alle Leistungen sind in unseren Inklusivpreisen\u00a0enthalten.\u00a0Diese entnehmen Sie bitte unseren\u00a0detaillierten Reiseprogrammen. Auf Wunsch &hellip; <a href=\"https:\/\/ruge-reisen-hamburg.de\/?page_id=13\" class=\"more-link\"><span class=\"screen-reader-text\">\u201eWissenswertes\u201c <\/span>weiterlesen<\/a><\/p>\n","protected":false},"author":1,"featured_media":0,"parent":0,"menu_order":0,"comment_status":"closed","ping_status":"closed","template":"","meta":{"footnotes":""},"class_list":["post-13","page","type-page","status-publish","hentry"],"_links":{"self":[{"href":"https:\/\/ruge-reisen-hamburg.de\/index.php?rest_route=\/wp\/v2\/pages\/13","targetHints":{"allow":["GET"]}}],"collection":[{"href":"https:\/\/ruge-reisen-hamburg.de\/index.php?rest_route=\/wp\/v2\/pages"}],"about":[{"href":"https:\/\/ruge-reisen-hamburg.de\/index.php?rest_route=\/wp\/v2\/types\/page"}],"author":[{"embeddable":true,"href":"https:\/\/ruge-reisen-hamburg.de\/index.php?rest_route=\/wp\/v2\/users\/1"}],"replies":[{"embeddable":true,"href":"https:\/\/ruge-reisen-hamburg.de\/index.php?rest_route=%2Fwp%2Fv2%2Fcomments&post=13"}],"version-history":[{"count":3,"href":"https:\/\/ruge-reisen-hamburg.de\/index.php?rest_route=\/wp\/v2\/pages\/13\/revisions"}],"predecessor-version":[{"id":363,"href":"https:\/\/ruge-reisen-hamburg.de\/index.php?rest_route=\/wp\/v2\/pages\/13\/revisions\/363"}],"wp:attachment":[{"href":"https:\/\/ruge-reisen-hamburg.de\/index.php?rest_route=%2Fwp%2Fv2%2Fmedia&parent=13"}],"curies":[{"name":"wp","href":"https:\/\/api.w.org\/{rel}","templated":true}]}}